{"id":3,"date":"2023-11-14T13:22:57","date_gmt":"2023-11-14T13:22:57","guid":{"rendered":"http:\/\/solesticadvisory.com\/?page_id=3"},"modified":"2024-07-02T14:51:28","modified_gmt":"2024-07-02T13:51:28","slug":"privacy-policy","status":"publish","type":"page","link":"https:\/\/solesticadvisory.com\/it\/privacy-policy\/","title":{"rendered":"Informativa sulla privacy"},"content":{"rendered":"<h2 class=\"wp-block-heading\">Introduzione<\/h2>\n\n\n\n<p>Solestic Advisory (\"noi\", \"nostro\" o \"ci\") \u00e8 tenuta a tutelare la vostra privacy su Internet. La nostra politica sulla privacy si basa sul Regolamento Generale sulla Protezione dei Dati (GDPR) dell'Unione Europea. Gli scopi per cui raccogliamo i vostri dati personali sono:<\/p>\n\n\n\n<ul>\n<li>Il miglioramento del nostro servizio.<\/li>\n\n\n\n<li>Comunicazione con i visitatori del sito.<\/li>\n\n\n\n<li>Elaborazione dei dati degli utenti per le vendite online.<\/li>\n\n\n\n<li>Altre azioni sono elencate di seguito.<\/li>\n<\/ul>\n\n\n\n<p>Accedendo o utilizzando il nostro Servizio, l'utente dichiara di aver letto, compreso e accettato la raccolta, l'archiviazione, l'utilizzo e la divulgazione dei suoi dati personali come descritto nella presente Informativa sulla privacy e nei nostri Termini di servizio.<\/p>\n\n\n\n<h2 class=\"wp-block-heading\">Definizioni e termini chiave<\/h2>\n\n\n\n<p>Per aiutare a spiegare le cose nel modo pi\u00f9 chiaro possibile in questa Informativa sulla privacy, ogni volta che si fa riferimento a uno qualsiasi di questi termini, sono rigorosamente definiti come:<\/p>\n\n\n\n<ul>\n<li>Cookie: una piccola quantit\u00e0 di dati generata da un sito web e salvata dal browser. Viene utilizzato per identificare il browser, fornire analisi e ricordare informazioni sull'utente, come la lingua preferita o le informazioni di accesso.<\/li>\n\n\n\n<li>Azienda: quando nella presente Informativa si parla di \"Azienda\", \"noi\", \"ci\" o \"nostro\", ci si riferisce a Solestic EOOD (Citt\u00e0 di Sofia 1618, Distretto di Sofia (Metropoli) Comune Metropolitano, Regione di Krasno selo 159 zar Boris III, f1.13, ap. 8), che \u00e8 responsabile dei vostri dati ai sensi della presente Informativa sulla privacy.<\/li>\n\n\n\n<li>Paese: In questo caso, Solestic Advisory o i suoi proprietari\/fondatori hanno sede nella citt\u00e0 di Sofia, Bulgaria.<\/li>\n\n\n\n<li>Per cliente si intende l'azienda, l'organizzazione o la persona che si iscrive al Servizio di consulenza Solestic per gestire i rapporti con i consumatori o gli utenti dei servizi.<\/li>\n\n\n\n<li>Dispositivo: qualsiasi dispositivo connesso a Internet come un telefono, un tablet, un computer o qualsiasi altro dispositivo che possa essere utilizzato per visitare Solestic Advisory e utilizzare i servizi.<\/li>\n\n\n\n<li>Indirizzo IP: A ogni dispositivo connesso a Internet viene assegnato un numero noto come indirizzo di protocollo Internet (IP). Questi numeri sono solitamente assegnati in blocchi geografici. Un indirizzo IP pu\u00f2 spesso identificare la posizione da cui un dispositivo si connette a Internet.<\/li>\n\n\n\n<li>Per personale si intendono le persone impiegate da Solestic Advisory o che sono sotto contratto per svolgere un servizio per conto di una delle parti.<\/li>\n\n\n\n<li>Dati personali: qualsiasi informazione che direttamente, indirettamente o in connessione con altre informazioni - compreso un numero di identificazione personale - consenta l'identificazione o l'identificabilit\u00e0 di una persona fisica.<\/li>\n\n\n\n<li>Per Servizio si intende il Servizio fornito da Solestic Advisory come descritto nei relativi termini (se disponibili) e su questa piattaforma.<\/li>\n\n\n\n<li>Il servizio di terze parti si riferisce a inserzionisti, sponsor di concorsi, partner promozionali e di marketing e altri soggetti che forniscono i nostri contenuti o i cui prodotti o servizi potrebbero interessarvi.<\/li>\n\n\n\n<li>Sito web: Il sito di Solestic EOOD, accessibile tramite questo URL:<a href=\"https:\/\/solesticadvisory.com\/it\/\"> https:\/\/solesticadvisory.com\/<\/a><\/li>\n\n\n\n<li>Utente: una persona o un'entit\u00e0 registrata presso Solestic Advisory che utilizzer\u00e0 i Servizi.<\/li>\n<\/ul>\n\n\n\n<h2 class=\"wp-block-heading\">Dati personali trattati da Solestic Advisory<\/h2>\n\n\n\n<p>Le pagine del sito web di Solestic Advisory riporteranno i dettagli dei Dati personali che saranno trattati da Solestic Advisory per conto del Cliente, compresi la durata, lo scopo, i tipi e le categorie di Dati personali e gli eventuali Subprocessori. Dettagli del trattamento e dei subprocessori, rispettivamente.<\/p>\n\n\n\n<p>Qualora siano necessarie ulteriori autorizzazioni o consensi da parte dei Soggetti dei dati del Cliente ai sensi delle leggi sulla protezione dei dati applicabili per il trattamento dei dati personali per conto del Cliente, quest'ultimo raccoglier\u00e0 tali autorizzazioni o consensi per la rispettiva attivit\u00e0 di trattamento dei dati personali, come richiesto dalle leggi sulla protezione dei dati.<\/p>\n\n\n\n<h2 class=\"wp-block-heading\">Utilizzo dei dati personali<\/h2>\n\n\n\n<p>Solestic Advisory non tratter\u00e0, trasferir\u00e0, modificher\u00e0, modificher\u00e0 o alterer\u00e0 i Dati Personali, n\u00e9 divulgher\u00e0 o consentir\u00e0 la divulgazione dei Dati Personali a terzi che non siano:<\/p>\n\n\n\n<ul>\n<li>nella misura in cui \u00e8 necessario trattare i Dati Personali per fornire i Servizi e altrimenti in base alle istruzioni documentate del Cliente, oppure<\/li>\n\n\n\n<li>Se richiesto per ottemperare alle leggi sulla protezione dei dati o ad altre leggi a cui Solestic Advisory \u00e8 soggetta, Solestic Advisory (nella misura consentita dalla legge) informer\u00e0 il Cliente di tale requisito legale prima di trattare i Dati personali.<\/li>\n<\/ul>\n\n\n\n<p>Inoltre, Solestic Advisory \u00e8 autorizzata a utilizzare i dati aggregati - nella misura in cui non possono pi\u00f9 essere considerati dati personali e non sono quindi soggetti alle leggi sulla protezione dei dati - per scopi di analisi, per un sito web e per operazioni interne, tra cui la risoluzione dei problemi, l'analisi dei dati, i test, la ricerca, gli scopi statistici, lo sviluppo e il miglioramento dei servizi e dei prodotti di Solestic Advisory e il benchmarking.<\/p>\n\n\n\n<h2 class=\"wp-block-heading\">Sottoelaborazione<\/h2>\n\n\n\n<p>Solestic Advisory pu\u00f2 essere tenuta a nominare alcune terze parti, comprese le Affiliate di Solestic Advisory, per fornire parte dei Servizi al Cliente o assistere con il supporto tecnico, come ad esempio fornitori di servizi informatici o altri fornitori.<\/p>\n\n\n\n<p>Con la sottoscrizione del Contratto di Servizio, il Cliente autorizza i Subprocessori di Solestic, che sono, in ogni caso, soggetti ai termini tra Solestic Advisory e il Subprocessore, che non sono meno protettivi di quelli stabiliti nell'Informativa e nel Contratto di Servizio.<\/p>\n\n\n\n<h2 class=\"wp-block-heading\">Riservatezza e sicurezza<\/h2>\n\n\n\n<p>Solestic Advisory manterr\u00e0 la riservatezza dei Dati personali e garantir\u00e0 che il suo personale e i suoi subprocessori siano vincolati allo stesso obbligo di riservatezza. Solestic Advisory implementer\u00e0 misure tecniche e organizzative adeguate per garantire la sicurezza dei dati personali in funzione del rischio richiesto dalle leggi applicabili in materia di protezione dei dati. Adotter\u00e0 tutte le misure necessarie ai sensi dell'articolo 32 del GDPR (sicurezza del trattamento) e qualsiasi altro requisito corrispondente pi\u00f9 protettivo ai sensi delle leggi sulla protezione dei dati.<\/p>\n\n\n\n<p>Nel valutare il livello di sicurezza adeguato, Solestic Advisory prender\u00e0 in considerazione i rischi presentati dal trattamento, in particolare la distruzione accidentale o illegale, la perdita, l'alterazione, la divulgazione non autorizzata o l'accesso ai Dati personali trasmessi, memorizzati o altrimenti trattati.<\/p>\n\n\n\n<h2 class=\"wp-block-heading\">Cooperazione con le richieste del cliente<\/h2>\n\n\n\n<p>Solestic Advisory collaborer\u00e0, su richiesta e nella misura richiesta dalle leggi sulla protezione dei dati, con le richieste del Cliente relative al trattamento dei dati personali. In particolare, Solestic Advisory collaborer\u00e0 con le richieste relative ai diritti dell'interessato del Cliente, alle valutazioni d'impatto sulla protezione dei dati e ai diritti di verifica della protezione dei dati, come descritto di seguito.<\/p>\n\n\n\n<ul>\n<li>Diritti dell'interessato del Cliente: Solestic Advisory collaborer\u00e0, come richiesto dal Cliente, per consentire a quest'ultimo di adempiere ai propri obblighi in relazione a qualsiasi esercizio di diritti da parte dell'Interessato del Cliente in relazione ai Dati Personali e assister\u00e0 ragionevolmente il Cliente nell'adempimento di qualsiasi valutazione, indagine, avviso o inchiesta come richiesto dalle Leggi sulla Protezione dei Dati. Nel caso in cui l'assistenza fornita da Solestic Advisory al Cliente ecceda i limiti ragionevoli, il Cliente rimborser\u00e0 integralmente a Solestic Advisory tutti i costi (compresi quelli per le risorse interne e per eventuali costi di terzi) ragionevolmente sostenuti da Solestic Advisory per fornire l'assistenza che eccede i limiti ragionevoli nell'adempimento del suo obbligo di assistere il Cliente nella sua conformit\u00e0 ai sensi della presente sezione.<\/li>\n\n\n\n<li>Valutazione dell'impatto sulla protezione dei dati: Solestic Advisory fornir\u00e0 al Cliente un'assistenza ragionevole per qualsiasi valutazione d'impatto sulla protezione dei dati richiesta ai sensi delle leggi sulla protezione dei dati, incluso l'articolo 35 del GDPR o altri obblighi corrispondenti determinati dalle leggi sulla protezione dei dati, e per qualsiasi consultazione preventiva di qualsiasi autorit\u00e0 di controllo del Cliente richiesta ai sensi delle leggi sulla protezione dei dati, incluso l'articolo 36 del GDPR o altri obblighi corrispondenti determinati dalle leggi sulla protezione dei dati, in ogni caso per quanto riguarda il trattamento dei dati personali da parte di Solestic Advisory per conto del Cliente e tenendo conto della natura del trattamento e delle informazioni disponibili a Solestic Advisory.<\/li>\n\n\n\n<li>Diritti di verifica: Su ragionevole richiesta e preavviso, Solestic Advisory collaborer\u00e0 alla conduzione di qualsiasi audit o ispezione in materia di protezione dei dati ragionevolmente necessaria per dimostrare il rispetto da parte di Solestic Advisory degli obblighi del Responsabile del trattamento previsti dalle leggi sulla protezione dei dati e dalla Politica relativa all'Accordo di servizio, fermo restando che tale requisito non obbligher\u00e0 Solestic Advisory a fornire o consentire l'accesso a informazioni riguardanti: (i) informazioni interne di Solestic Advisory sui prezzi, (ii) informazioni relative ad altri Clienti di Solestic Advisory, (iii) qualsiasi relazione esterna non pubblica di Solestic Advisory, o (iv) qualsiasi relazione interna preparata dalla funzione di revisione interna di Solestic Advisory.<\/li>\n<\/ul>\n\n\n\n<p>Il Cliente dovr\u00e0 evitare di causare danni, lesioni o interruzioni alle attrezzature, al personale e all'attivit\u00e0 di Solestic Advisory durante tale audit o ispezione di protezione dei dati.<\/p>\n\n\n\n<p>In base a questa sezione pu\u00f2 essere attivato un massimo di un audit sulla protezione dei dati in un periodo di dodici (12) mesi senza costi aggiuntivi per il Cliente, a meno che (i) l'audit non faccia seguito a una violazione dei dati personali causata da Solestic Advisory nello stesso periodo, (ii) la richiesta di audit sulla protezione dei dati fatta dal Cliente nello stesso periodo superi i costi standard di audit commercialmente ragionevoli del mercato e\/o (iii) la richiesta di audit sulla protezione dei dati fatta dal Cliente nello stesso periodo richieda l'allocazione di risorse interne di Solestic Advisory per pi\u00f9 di un (1) giorno lavorativo per soddisfare la richiesta.<\/p>\n\n\n\n<p>Nei casi precedenti, Solestic Advisory ha prontamente notificato al Cliente tali costi aggiuntivi previsti in anticipo. Il Cliente e Solestic Advisory hanno concordato tali costi prima di avviare la richiesta di audit sulla protezione dei dati. Qualsiasi ulteriore audit sulla protezione dei dati entro il periodo di dodici (12) mesi sar\u00e0 a carico del Cliente.<\/p>\n\n\n\n<h2 class=\"wp-block-heading\">Cancellazione o restituzione dei dati personali del cliente<\/h2>\n\n\n\n<p>Solestic Advisory, a scelta del Cliente, canceller\u00e0 o restituir\u00e0 i Dati Personali al termine della fornitura dei Servizi che comportano un trattamento, a meno che:<\/p>\n\n\n\n<ol>\n<li>Leggi sulla protezione dei dati.<\/li>\n\n\n\n<li>Qualsiasi legge, statuto, ordine, regolamento, norma, requisito, prassi e linee guida di qualsiasi governo, autorit\u00e0 di regolamentazione o organizzazione di autoregolamentazione che si applichi ai Servizi nel paese in cui tali Servizi vengono forniti.<\/li>\n\n\n\n<li>Un tribunale competente, un organo di vigilanza o di regolamentazione richiede la conservazione di tali Dati personali da parte di Solestic Advisory.<\/li>\n<\/ol>\n\n\n\n<h2 class=\"wp-block-heading\">Gestione degli incidenti<\/h2>\n\n\n\n<p>Solestic Advisory informer\u00e0 il Cliente immediatamente dopo essere venuto a conoscenza di una violazione dei dati personali, fornendo al Cliente informazioni sufficienti a consentirgli di adempiere a qualsiasi obbligo di segnalazione di una violazione dei dati personali ai sensi delle leggi sulla protezione dei dati.<\/p>\n\n\n\n<p>Su richiesta del Cliente, Solestic Advisory collaborer\u00e0 pienamente con il Cliente e adotter\u00e0 le misure ragionevoli indicate dal Cliente per assistere nell'indagine, nella mitigazione e nella riparazione di ogni violazione dei dati personali per consentire al Cliente di (i) svolgere un'indagine approfondita sulla violazione dei dati personali e fornire i dettagli dell'incidente come richiesto dalle leggi sulla protezione dei dati, come l'articolo 33(3) del GDPR o altri obblighi corrispondenti determinati dalle leggi sulla protezione dei dati, (ii) formulare una risposta corretta e (iii) adottare ulteriori misure adeguate in relazione alla violazione dei dati personali per soddisfare qualsiasi requisito previsto dalle Leggi sulla protezione dei dati (\"Misure di riparazione\").<\/p>\n\n\n\n<p>Se Solestic Advisory causa una violazione dei dati personali, Solestic Advisory si far\u00e0 carico dei costi ragionevoli delle misure di riparazione adottate da Solestic Advisory.<\/p>\n\n\n\n<p>Se e nella misura in cui i costi sostenuti da Solestic Advisory relativi alle Misure di riparazione come indicato dal Cliente sono correlati alla Violazione dei dati personali causata dal Cliente, quest'ultimo dovr\u00e0 compensare i costi ragionevoli delle Misure di riparazione adottate da Solestic Advisory. Eventuali costi sostenuti da Solestic Advisory che eccedano tali costi ragionevoli per le Misure di riparazione saranno concordati in anticipo dalle parti del Contratto di servizio.<\/p>\n\n\n\n<p>Le misure di riparazione devono:<\/p>\n\n\n\n<ol>\n<li>Iniziare senza ritardi ingiustificati.<\/li>\n\n\n\n<li>Questa operazione sar\u00e0 completata entro un periodo di tempo ragionevole dal momento in cui Solestic Advisory \u00e8 venuta a conoscenza di una violazione dei dati personali.<\/li>\n\n\n\n<li>Essere eseguiti entro il normale orario di lavoro di Solestic Advisory quando sono richieste misure di riparazione.<\/li>\n\n\n\n<li><\/li>\n<\/ol>\n\n\n\n<h2 class=\"wp-block-heading\">Responsabilit\u00e0<\/h2>\n\n\n\n<p>Il Cliente garantisce che i Dati Personali trattati da Solestic Advisory per conto del Cliente sono stati e saranno trattati dal Cliente ai sensi delle Leggi sulla Protezione dei Dati, tra cui, a titolo esemplificativo:<\/p>\n\n\n\n<ol>\n<li>Garantire che tutte le notifiche e le approvazioni delle autorit\u00e0 di regolamentazione, richieste dalle leggi sulla protezione dei dati, siano effettuate e mantenute dal Cliente;\u00a0<\/li>\n\n\n\n<li>Garantire che tutti i dati personali siano trattati in modo equo e lecito e che siano accurati e aggiornati. Il Cliente fornisce un'informativa corretta ai Soggetti dei Dati del Cliente. Descrive il trattamento che Solestic Advisory o i suoi Subprocessori devono effettuare in base ai Servizi concordati nell'Accordo di Servizio.<\/li>\n<\/ol>\n\n\n\n<p>Solestic Advisory sar\u00e0 responsabile dei danni causati dal trattamento solo nel caso in cui non abbia rispettato gli obblighi previsti dalle leggi sulla protezione dei dati, rivolti esplicitamente al Responsabile del trattamento, o abbia agito al di fuori o in contrasto con le istruzioni legittime del Cliente, come indicato nel Contratto di servizio. Il Cliente sar\u00e0 responsabile dei danni causati dal suo trattamento che viola le leggi sulla protezione dei dati. Solestic Advisory sar\u00e0 esente da responsabilit\u00e0 ai sensi della sezione 10 della Polizza se dimostrer\u00e0 di non essere in alcun modo responsabile dell'evento che ha causato il danno.<\/p>\n\n\n\n<p>Qualora pi\u00f9 di un Titolare o Incaricato del trattamento, o sia il Titolare che l'Incaricato del trattamento, siano coinvolti nello stesso trattamento e siano, ai sensi dell'Accordo di servizio, responsabili di eventuali danni causati all'Interessato del Cliente dal trattamento, ciascun Titolare o Incaricato del trattamento sar\u00e0 ritenuto responsabile dell'intero danno per garantire un adeguato risarcimento dell'Interessato o degli Interessati del Cliente. Qualora il Titolare o l'Incaricato abbia pagato il risarcimento totale per il danno subito, tale Titolare o Incaricato avr\u00e0 il diritto di richiedere agli altri Titolari o Incaricati coinvolti nello stesso trattamento la parte del risarcimento corrispondente alla loro parte di responsabilit\u00e0 per il danno, seguendo le condizioni stabilite nel paragrafo precedente.<\/p>\n\n\n\n<h2 class=\"wp-block-heading\">Contatto<\/h2>\n\n\n\n<p>In caso di domande sulla Politica sulla privacy di Solestic Advisory, si prega di inviare un'e-mail a <a href=\"mailto:support@solesticadvisory.com\">support@solesticadvisory.com<\/a> e assicuratevi di indicare la natura della vostra richiesta.<\/p>","protected":false},"excerpt":{"rendered":"<p>Introduction Solestic Advisory (&#8220;we,&#8221; &#8220;our,&#8221; or &#8220;us&#8221;) is obliged to maintain your privacy on the Internet. Our privacy policy is based on the General Data Protection Regulation (GDPR) of the European Union. The purposes for which we collect your personal data are: By accessing or using our Service, you signify that you have read, understood, [&hellip;]<\/p>","protected":false},"author":1,"featured_media":179,"parent":0,"menu_order":0,"comment_status":"closed","ping_status":"open","template":"template-pages\/poliyc.php","meta":{"footnotes":""},"acf":[],"yoast_head":"<!-- This site is optimized with the Yoast SEO plugin v21.5 - https:\/\/yoast.com\/wordpress\/plugins\/seo\/ -->\n<title>Privacy Policy - Solestic Advisory<\/title>\n<meta name=\"robots\" content=\"index, follow, max-snippet:-1, max-image-preview:large, max-video-preview:-1\" \/>\n<link rel=\"canonical\" href=\"https:\/\/solesticadvisory.com\/it\/privacy-policy\/\" \/>\n<meta property=\"og:locale\" content=\"it_IT\" \/>\n<meta property=\"og:type\" content=\"article\" \/>\n<meta property=\"og:title\" content=\"Privacy Policy - Solestic Advisory\" \/>\n<meta property=\"og:description\" content=\"Introduction Solestic Advisory (&#8220;we,&#8221; &#8220;our,&#8221; or &#8220;us&#8221;) is obliged to maintain your privacy on the Internet. Our privacy policy is based on the General Data Protection Regulation (GDPR) of the European Union. The purposes for which we collect your personal data are: By accessing or using our Service, you signify that you have read, understood, [&hellip;]\" \/>\n<meta property=\"og:url\" content=\"https:\/\/solesticadvisory.com\/it\/privacy-policy\/\" \/>\n<meta property=\"og:site_name\" content=\"Solestic Advisory\" \/>\n<meta property=\"article:modified_time\" content=\"2024-07-02T13:51:28+00:00\" \/>\n<meta property=\"og:image\" content=\"http:\/\/solesticadvisory.com\/wp-content\/uploads\/2023\/11\/sol_meta.png\" \/>\n\t<meta property=\"og:image:width\" content=\"1024\" \/>\n\t<meta property=\"og:image:height\" content=\"512\" \/>\n\t<meta property=\"og:image:type\" content=\"image\/png\" \/>\n<meta name=\"twitter:card\" content=\"summary_large_image\" \/>\n<meta name=\"twitter:image\" content=\"https:\/\/solesticadvisory.com\/wp-content\/uploads\/2023\/11\/sol_meta.png\" \/>\n<meta name=\"twitter:label1\" content=\"Tempo di lettura stimato\" \/>\n\t<meta name=\"twitter:data1\" content=\"10 minuti\" \/>\n<script type=\"application\/ld+json\" class=\"yoast-schema-graph\">{\"@context\":\"https:\/\/schema.org\",\"@graph\":[{\"@type\":\"WebPage\",\"@id\":\"https:\/\/solesticadvisory.com\/privacy-policy\/\",\"url\":\"https:\/\/solesticadvisory.com\/privacy-policy\/\",\"name\":\"Privacy Policy - Solestic Advisory\",\"isPartOf\":{\"@id\":\"https:\/\/solesticadvisory.com\/#website\"},\"datePublished\":\"2023-11-14T13:22:57+00:00\",\"dateModified\":\"2024-07-02T13:51:28+00:00\",\"breadcrumb\":{\"@id\":\"https:\/\/solesticadvisory.com\/privacy-policy\/#breadcrumb\"},\"inLanguage\":\"it-IT\",\"potentialAction\":[{\"@type\":\"ReadAction\",\"target\":[\"https:\/\/solesticadvisory.com\/privacy-policy\/\"]}]},{\"@type\":\"BreadcrumbList\",\"@id\":\"https:\/\/solesticadvisory.com\/privacy-policy\/#breadcrumb\",\"itemListElement\":[{\"@type\":\"ListItem\",\"position\":1,\"name\":\"Home\",\"item\":\"https:\/\/solesticadvisory.com\/\"},{\"@type\":\"ListItem\",\"position\":2,\"name\":\"Privacy Policy\"}]},{\"@type\":\"WebSite\",\"@id\":\"https:\/\/solesticadvisory.com\/#website\",\"url\":\"https:\/\/solesticadvisory.com\/\",\"name\":\"Solestic Advisory\",\"description\":\"\",\"publisher\":{\"@id\":\"https:\/\/solesticadvisory.com\/#organization\"},\"potentialAction\":[{\"@type\":\"SearchAction\",\"target\":{\"@type\":\"EntryPoint\",\"urlTemplate\":\"https:\/\/solesticadvisory.com\/?s={search_term_string}\"},\"query-input\":\"required name=search_term_string\"}],\"inLanguage\":\"it-IT\"},{\"@type\":\"Organization\",\"@id\":\"https:\/\/solesticadvisory.com\/#organization\",\"name\":\"Solestic Advisory\",\"url\":\"https:\/\/solesticadvisory.com\/\",\"logo\":{\"@type\":\"ImageObject\",\"inLanguage\":\"it-IT\",\"@id\":\"https:\/\/solesticadvisory.com\/#\/schema\/logo\/image\/\",\"url\":\"https:\/\/solesticadvisory.com\/wp-content\/uploads\/2023\/11\/Vector.svg\",\"contentUrl\":\"https:\/\/solesticadvisory.com\/wp-content\/uploads\/2023\/11\/Vector.svg\",\"width\":101,\"height\":25,\"caption\":\"Solestic Advisory\"},\"image\":{\"@id\":\"https:\/\/solesticadvisory.com\/#\/schema\/logo\/image\/\"}}]}<\/script>\n<!-- \/ Yoast SEO plugin. -->","yoast_head_json":{"title":"Privacy Policy - Solestic Advisory","robots":{"index":"index","follow":"follow","max-snippet":"max-snippet:-1","max-image-preview":"max-image-preview:large","max-video-preview":"max-video-preview:-1"},"canonical":"https:\/\/solesticadvisory.com\/it\/privacy-policy\/","og_locale":"it_IT","og_type":"article","og_title":"Privacy Policy - Solestic Advisory","og_description":"Introduction Solestic Advisory (&#8220;we,&#8221; &#8220;our,&#8221; or &#8220;us&#8221;) is obliged to maintain your privacy on the Internet. Our privacy policy is based on the General Data Protection Regulation (GDPR) of the European Union. The purposes for which we collect your personal data are: By accessing or using our Service, you signify that you have read, understood, [&hellip;]","og_url":"https:\/\/solesticadvisory.com\/it\/privacy-policy\/","og_site_name":"Solestic Advisory","article_modified_time":"2024-07-02T13:51:28+00:00","og_image":[{"width":1024,"height":512,"url":"http:\/\/solesticadvisory.com\/wp-content\/uploads\/2023\/11\/sol_meta.png","type":"image\/png"}],"twitter_card":"summary_large_image","twitter_image":"https:\/\/solesticadvisory.com\/wp-content\/uploads\/2023\/11\/sol_meta.png","twitter_misc":{"Tempo di lettura stimato":"10 minuti"},"schema":{"@context":"https:\/\/schema.org","@graph":[{"@type":"WebPage","@id":"https:\/\/solesticadvisory.com\/privacy-policy\/","url":"https:\/\/solesticadvisory.com\/privacy-policy\/","name":"Privacy Policy - Solestic Advisory","isPartOf":{"@id":"https:\/\/solesticadvisory.com\/#website"},"datePublished":"2023-11-14T13:22:57+00:00","dateModified":"2024-07-02T13:51:28+00:00","breadcrumb":{"@id":"https:\/\/solesticadvisory.com\/privacy-policy\/#breadcrumb"},"inLanguage":"it-IT","potentialAction":[{"@type":"ReadAction","target":["https:\/\/solesticadvisory.com\/privacy-policy\/"]}]},{"@type":"BreadcrumbList","@id":"https:\/\/solesticadvisory.com\/privacy-policy\/#breadcrumb","itemListElement":[{"@type":"ListItem","position":1,"name":"Home","item":"https:\/\/solesticadvisory.com\/"},{"@type":"ListItem","position":2,"name":"Privacy Policy"}]},{"@type":"WebSite","@id":"https:\/\/solesticadvisory.com\/#website","url":"https:\/\/solesticadvisory.com\/","name":"Solestic Advisory","description":"","publisher":{"@id":"https:\/\/solesticadvisory.com\/#organization"},"potentialAction":[{"@type":"SearchAction","target":{"@type":"EntryPoint","urlTemplate":"https:\/\/solesticadvisory.com\/?s={search_term_string}"},"query-input":"required name=search_term_string"}],"inLanguage":"it-IT"},{"@type":"Organization","@id":"https:\/\/solesticadvisory.com\/#organization","name":"Solestic Advisory","url":"https:\/\/solesticadvisory.com\/","logo":{"@type":"ImageObject","inLanguage":"it-IT","@id":"https:\/\/solesticadvisory.com\/#\/schema\/logo\/image\/","url":"https:\/\/solesticadvisory.com\/wp-content\/uploads\/2023\/11\/Vector.svg","contentUrl":"https:\/\/solesticadvisory.com\/wp-content\/uploads\/2023\/11\/Vector.svg","width":101,"height":25,"caption":"Solestic Advisory"},"image":{"@id":"https:\/\/solesticadvisory.com\/#\/schema\/logo\/image\/"}}]}},"_links":{"self":[{"href":"https:\/\/solesticadvisory.com\/it\/wp-json\/wp\/v2\/pages\/3"}],"collection":[{"href":"https:\/\/solesticadvisory.com\/it\/wp-json\/wp\/v2\/pages"}],"about":[{"href":"https:\/\/solesticadvisory.com\/it\/wp-json\/wp\/v2\/types\/page"}],"author":[{"embeddable":true,"href":"https:\/\/solesticadvisory.com\/it\/wp-json\/wp\/v2\/users\/1"}],"replies":[{"embeddable":true,"href":"https:\/\/solesticadvisory.com\/it\/wp-json\/wp\/v2\/comments?post=3"}],"version-history":[{"count":4,"href":"https:\/\/solesticadvisory.com\/it\/wp-json\/wp\/v2\/pages\/3\/revisions"}],"predecessor-version":[{"id":247,"href":"https:\/\/solesticadvisory.com\/it\/wp-json\/wp\/v2\/pages\/3\/revisions\/247"}],"wp:featuredmedia":[{"embeddable":true,"href":"https:\/\/solesticadvisory.com\/it\/wp-json\/wp\/v2\/media\/179"}],"wp:attachment":[{"href":"https:\/\/solesticadvisory.com\/it\/wp-json\/wp\/v2\/media?parent=3"}],"curies":[{"name":"wp","href":"https:\/\/api.w.org\/{rel}","templated":true}]}}