{"id":183,"date":"2023-11-17T08:48:51","date_gmt":"2023-11-17T08:48:51","guid":{"rendered":"https:\/\/solesticadvisory.com\/?page_id=183"},"modified":"2024-07-02T14:53:21","modified_gmt":"2024-07-02T13:53:21","slug":"cookie-policy","status":"publish","type":"page","link":"https:\/\/solesticadvisory.com\/it\/cookie-policy\/","title":{"rendered":"Informativa sui cookie"},"content":{"rendered":"<h2 class=\"wp-block-heading\">Introduzione<\/h2>\n\n\n\n<p>La presente Informativa sui cookie (\"Informativa\") descrive come Solestic Advisory utilizza i cookie su questo sito web.<\/p>\n\n\n\n<p>Questo sito (<a href=\"https:\/\/solesticadvisory.com\/it\/\">https:\/\/solesticadvisory.com\/<\/a>) \u00e8 amministrato e gestito da Solestic EOOD, con sede legale nella Citt\u00e0 di Sofia, 1618, Distretto di Sofia (Metropoli) Comune Metropolitano, regione Krasno selo 159 zar Boris III, f1.13, ap. 8.<\/p>\n\n\n\n<p>Solestic Advisory si riserva il diritto di modificare (sezioni di) questa Politica in qualsiasi momento e senza preavviso. Si raccomanda di rivedere periodicamente la presente Politica per verificare eventuali modifiche.<\/p>\n\n\n\n<h2 class=\"wp-block-heading\">Cosa sono i cookie?<\/h2>\n\n\n\n<p>Solestic Advisory utilizza i cookie sul proprio sito web. Un cookie \u00e8 un piccolo file di testo inviato al vostro browser internet. Il browser Internet dell'utente (attraverso il computer o altri dispositivi abilitati a Internet, come smartphone o tablet) salver\u00e0 il cookie. Un cookie \u00e8 solitamente un numero unico a cui possono essere associati dei dati.<\/p>\n\n\n\n<p>I cookie possono essere \"persistenti\" o \"di sessione\". Un cookie persistente consiste in un file di testo inviato da un server Web a un browser Web, che viene memorizzato dal browser e rimane valido fino alla data di scadenza impostata (a meno che non venga cancellato dal visitatore prima della data di scadenza). Un cookie di sessione, invece, scade al termine della sessione del visitatore, quando il browser web viene chiuso.<\/p>\n\n\n\n<h2 class=\"wp-block-heading\">Perch\u00e9 Solestic Advisory utilizza i cookie?<\/h2>\n\n\n\n<p>Solestic Advisory utilizza i cookie per garantire che l'utente abbia la migliore esperienza possibile sul nostro sito web e possa navigarlo in modo rapido ed efficiente. Utilizza inoltre i cookie per determinare dove \u00e8 possibile migliorare il sito web per rendere ancora pi\u00f9 facile e veloce la ricerca di ci\u00f2 che si sta cercando. Infine, Solestic Advisory utilizza i cookie per fornire informazioni e offerte pertinenti.<\/p>\n\n\n\n<h2 class=\"wp-block-heading\">Quali tipi di cookie utilizza Solestic Advisory?<\/h2>\n\n\n\n<p>Solestic Advisory utilizza i seguenti tipi di cookie sul proprio sito web:<\/p>\n\n\n\n<p><strong>Cookie funzionali: <\/strong>Questi cookie sono essenziali per garantire il corretto funzionamento di questo sito web. Vengono utilizzati per salvare le preferenze, rilevare l'uso improprio del nostro sito web e dei nostri servizi e distribuire il carico sui nostri server, in modo da mantenere disponibile il nostro sito web. Alcuni servizi richiesti dall'utente non possono essere forniti senza questi cookie.<\/p>\n\n\n\n<p><strong>Statistiche web <\/strong>I cookie determinano quali parti di questo sito web interessano maggiormente i visitatori. Questo ci permette di rendere la struttura, la navigazione e i contenuti del nostro sito web di facile utilizzo. In particolare, questi cookie vengono utilizzati per:<\/p>\n\n\n\n<ol>\n<li>Tenere traccia del numero di visitatori delle nostre pagine web.<\/li>\n\n\n\n<li>Tenere traccia del tempo che ogni utente trascorre sulle nostre pagine web.<\/li>\n\n\n\n<li>Determinare l'ordine in cui un visitatore visita le varie pagine del nostro sito web.<\/li>\n\n\n\n<li>Valutare quali parti del sito web devono essere modificate.<\/li>\n\n\n\n<li>Ottimizzare il sito web.<\/li>\n<\/ol>\n\n\n\n<p>A tal fine possono essere utilizzati software di terzi (come Google Analytics).&nbsp;<\/p>\n\n\n\n<h2 class=\"wp-block-heading\">Cosa fa Solestic Advisory con i cookie?<\/h2>\n\n\n\n<p>Solestic Advisory utilizza i cookie per vari motivi:<\/p>\n\n\n\n<ul>\n<li>per studiare come gli utenti o i gruppi di utenti utilizzano il sito web, in modo che Solestic Advisory possa migliorare il sito;<\/li>\n\n\n\n<li>per potervi informare meglio sui servizi di Solestic Advisory;<\/li>\n\n\n\n<li>per effettuare analisi per la ricerca e la statistica;<\/li>\n\n\n\n<li>migliorare il sito web, rendendo pi\u00f9 facile per voi trovare ci\u00f2 che state cercando, e<\/li>\n\n\n\n<li>per ricordare le vostre impostazioni e preferenze. In questo modo le vostre successive visite al sito web saranno pi\u00f9 accessibili.<\/li>\n<\/ul>\n\n\n\n<h2 class=\"wp-block-heading\">Come posso accettare i cookie?<\/h2>\n\n\n\n<p>\u00c8 possibile accettare i cookie facendo clic sul pulsante Accetta e chiudi del pop-up dei cookie sulla homepage di questo sito web. Il pop-up dei cookie non verr\u00e0 visualizzato alla successiva visita del sito.<\/p>\n\n\n\n<h2 class=\"wp-block-heading\">Cosa accetto se accetto i cookie?<\/h2>\n\n\n\n<p>Se accettate il pop-up dei cookie, accettate tutti i cookie utilizzati su questo sito web e acconsentite all'utilizzo dei cookie come descritto in questa Informativa.<\/p>\n\n\n\n<h2 class=\"wp-block-heading\">Come gestire i cookie?<\/h2>\n\n\n\n<p>Se non volete che il nostro sito web memorizzi i cookie sul vostro dispositivo, potete modificare le impostazioni del vostro browser in modo da ricevere un avviso prima che alcuni cookie vengano memorizzati. Potete anche modificare le impostazioni in modo che il vostro browser rifiuti la maggior parte dei nostri cookie o solo alcuni cookie di terze parti. \u00c8 inoltre possibile revocare il proprio consenso ai cookie cancellando quelli gi\u00e0 memorizzati.<\/p>\n\n\n\n<p>Se non si desidera accettare i cookie, non possiamo garantire che il nostro sito web funzioni correttamente. Alcune funzioni potrebbero non essere disponibili o potrebbe essere impossibile visualizzare alcune parti del sito.<\/p>\n\n\n\n<p>Si noti che \u00e8 necessario modificare le impostazioni per ciascun browser e dispositivo. Inoltre, tali metodi non funzionano con alcune tecnologie di tracciamento online non basate su cookie.<\/p>\n\n\n\n<p>Le procedure per modificare le impostazioni e i cookie variano da browser a browser. Se necessario, utilizzate la funzione di aiuto del vostro browser o cliccate su uno dei link sottostanti per accedere direttamente al manuale d'uso del vostro browser:<\/p>\n\n\n\n<ul>\n<li><a href=\"https:\/\/support.microsoft.com\/en-gb\/windows\/delete-and-manage-cookies-168dab11-0753-043d-7c16-ede5947fc64d\">Internet Explorer<\/a><\/li>\n\n\n\n<li><a href=\"https:\/\/support.mozilla.org\/en-US\/kb\/cookies-information-websites-store-on-your-computer?redirectslug=Cookies&amp;redirectlocale=en-US\">Mozilla Firefox<\/a><\/li>\n\n\n\n<li><a href=\"https:\/\/support.google.com\/chrome\/answer\/95647?hl=en\">Google Chrome<\/a><\/li>\n\n\n\n<li><a href=\"https:\/\/support.apple.com\/en-gb\/guide\/safari\/sfri11471\/mac\">Safari<\/a><\/li>\n\n\n\n<li><a href=\"https:\/\/security.opera.com\/en\/\">Opera<\/a><\/li>\n<\/ul>\n\n\n\n<p>Sono disponibili anche prodotti software in grado di gestire i cookie per voi. \u00c8 inoltre possibile utilizzare il sito www.ghostery.com per accettare o rifiutare ogni cookie presente sui nostri siti web.<\/p>\n\n\n\n<p>Per saperne di pi\u00f9 sui cookie, compresa la loro impostazione e le modalit\u00e0 per gestirli o eliminarli, visitate il sito <a href=\"http:\/\/www.allaboutcookies.org\/\">www.allaboutcookies.org<\/a>.<\/p>\n\n\n\n<h2 class=\"wp-block-heading\">Informazioni di contatto<\/h2>\n\n\n\n<p>In caso di domande sulla Politica sui cookie di Solestic Advisory, si prega di inviare un'e-mail a <a href=\"mailto:support@solesticadvisory.com\">support@solesticadvisory.com<\/a> e assicuratevi di indicare la natura della vostra richiesta.<\/p>","protected":false},"excerpt":{"rendered":"<p>Introduction This Cookie Policy (\u201cPolicy\u201d) describes how Solestic Advisory uses cookies on this website. This website (https:\/\/solesticadvisory.com\/) is administered and operated by Solestic EOOD, which has its registered address in the City of Sofia, 1618, Sofia District (Metropolis) Metropolitan Municipality, Krasno selo region 159 tsar Boris III, f1.13, ap. 8. Solestic Advisory reserves the right [&hellip;]<\/p>","protected":false},"author":1,"featured_media":0,"parent":0,"menu_order":0,"comment_status":"closed","ping_status":"closed","template":"template-pages\/poliyc.php","meta":{"footnotes":""},"acf":[],"yoast_head":"<!-- This site is optimized with the Yoast SEO plugin v21.5 - https:\/\/yoast.com\/wordpress\/plugins\/seo\/ -->\n<title>Cookie Policy - Solestic Advisory<\/title>\n<meta name=\"robots\" content=\"index, follow, max-snippet:-1, max-image-preview:large, max-video-preview:-1\" \/>\n<link rel=\"canonical\" href=\"https:\/\/solesticadvisory.com\/it\/cookie-policy\/\" \/>\n<meta property=\"og:locale\" content=\"it_IT\" \/>\n<meta property=\"og:type\" content=\"article\" \/>\n<meta property=\"og:title\" content=\"Cookie Policy - Solestic Advisory\" \/>\n<meta property=\"og:description\" content=\"Introduction This Cookie Policy (\u201cPolicy\u201d) describes how Solestic Advisory uses cookies on this website. This website (https:\/\/solesticadvisory.com\/) is administered and operated by Solestic EOOD, which has its registered address in the City of Sofia, 1618, Sofia District (Metropolis) Metropolitan Municipality, Krasno selo region 159 tsar Boris III, f1.13, ap. 8. Solestic Advisory reserves the right [&hellip;]\" \/>\n<meta property=\"og:url\" content=\"https:\/\/solesticadvisory.com\/it\/cookie-policy\/\" \/>\n<meta property=\"og:site_name\" content=\"Solestic Advisory\" \/>\n<meta property=\"article:modified_time\" content=\"2024-07-02T13:53:21+00:00\" \/>\n<meta property=\"og:image\" content=\"https:\/\/solesticadvisory.com\/wp-content\/uploads\/2024\/07\/1024-\u00d7-512.png\" \/>\n\t<meta property=\"og:image:width\" content=\"1024\" \/>\n\t<meta property=\"og:image:height\" content=\"512\" \/>\n\t<meta property=\"og:image:type\" content=\"image\/png\" \/>\n<meta name=\"twitter:card\" content=\"summary_large_image\" \/>\n<meta name=\"twitter:label1\" content=\"Tempo di lettura stimato\" \/>\n\t<meta name=\"twitter:data1\" content=\"4 minuti\" \/>\n<script type=\"application\/ld+json\" class=\"yoast-schema-graph\">{\"@context\":\"https:\/\/schema.org\",\"@graph\":[{\"@type\":\"WebPage\",\"@id\":\"https:\/\/solesticadvisory.com\/cookie-policy\/\",\"url\":\"https:\/\/solesticadvisory.com\/cookie-policy\/\",\"name\":\"Cookie Policy - Solestic Advisory\",\"isPartOf\":{\"@id\":\"https:\/\/solesticadvisory.com\/#website\"},\"datePublished\":\"2023-11-17T08:48:51+00:00\",\"dateModified\":\"2024-07-02T13:53:21+00:00\",\"breadcrumb\":{\"@id\":\"https:\/\/solesticadvisory.com\/cookie-policy\/#breadcrumb\"},\"inLanguage\":\"it-IT\",\"potentialAction\":[{\"@type\":\"ReadAction\",\"target\":[\"https:\/\/solesticadvisory.com\/cookie-policy\/\"]}]},{\"@type\":\"BreadcrumbList\",\"@id\":\"https:\/\/solesticadvisory.com\/cookie-policy\/#breadcrumb\",\"itemListElement\":[{\"@type\":\"ListItem\",\"position\":1,\"name\":\"Home\",\"item\":\"https:\/\/solesticadvisory.com\/\"},{\"@type\":\"ListItem\",\"position\":2,\"name\":\"Cookie Policy\"}]},{\"@type\":\"WebSite\",\"@id\":\"https:\/\/solesticadvisory.com\/#website\",\"url\":\"https:\/\/solesticadvisory.com\/\",\"name\":\"Solestic Advisory\",\"description\":\"\",\"publisher\":{\"@id\":\"https:\/\/solesticadvisory.com\/#organization\"},\"potentialAction\":[{\"@type\":\"SearchAction\",\"target\":{\"@type\":\"EntryPoint\",\"urlTemplate\":\"https:\/\/solesticadvisory.com\/?s={search_term_string}\"},\"query-input\":\"required name=search_term_string\"}],\"inLanguage\":\"it-IT\"},{\"@type\":\"Organization\",\"@id\":\"https:\/\/solesticadvisory.com\/#organization\",\"name\":\"Solestic Advisory\",\"url\":\"https:\/\/solesticadvisory.com\/\",\"logo\":{\"@type\":\"ImageObject\",\"inLanguage\":\"it-IT\",\"@id\":\"https:\/\/solesticadvisory.com\/#\/schema\/logo\/image\/\",\"url\":\"https:\/\/solesticadvisory.com\/wp-content\/uploads\/2023\/11\/Vector.svg\",\"contentUrl\":\"https:\/\/solesticadvisory.com\/wp-content\/uploads\/2023\/11\/Vector.svg\",\"width\":101,\"height\":25,\"caption\":\"Solestic Advisory\"},\"image\":{\"@id\":\"https:\/\/solesticadvisory.com\/#\/schema\/logo\/image\/\"}}]}<\/script>\n<!-- \/ Yoast SEO plugin. -->","yoast_head_json":{"title":"Cookie Policy - Solestic Advisory","robots":{"index":"index","follow":"follow","max-snippet":"max-snippet:-1","max-image-preview":"max-image-preview:large","max-video-preview":"max-video-preview:-1"},"canonical":"https:\/\/solesticadvisory.com\/it\/cookie-policy\/","og_locale":"it_IT","og_type":"article","og_title":"Cookie Policy - Solestic Advisory","og_description":"Introduction This Cookie Policy (\u201cPolicy\u201d) describes how Solestic Advisory uses cookies on this website. This website (https:\/\/solesticadvisory.com\/) is administered and operated by Solestic EOOD, which has its registered address in the City of Sofia, 1618, Sofia District (Metropolis) Metropolitan Municipality, Krasno selo region 159 tsar Boris III, f1.13, ap. 8. Solestic Advisory reserves the right [&hellip;]","og_url":"https:\/\/solesticadvisory.com\/it\/cookie-policy\/","og_site_name":"Solestic Advisory","article_modified_time":"2024-07-02T13:53:21+00:00","og_image":[{"width":1024,"height":512,"url":"https:\/\/solesticadvisory.com\/wp-content\/uploads\/2024\/07\/1024-\u00d7-512.png","type":"image\/png"}],"twitter_card":"summary_large_image","twitter_misc":{"Tempo di lettura stimato":"4 minuti"},"schema":{"@context":"https:\/\/schema.org","@graph":[{"@type":"WebPage","@id":"https:\/\/solesticadvisory.com\/cookie-policy\/","url":"https:\/\/solesticadvisory.com\/cookie-policy\/","name":"Cookie Policy - Solestic Advisory","isPartOf":{"@id":"https:\/\/solesticadvisory.com\/#website"},"datePublished":"2023-11-17T08:48:51+00:00","dateModified":"2024-07-02T13:53:21+00:00","breadcrumb":{"@id":"https:\/\/solesticadvisory.com\/cookie-policy\/#breadcrumb"},"inLanguage":"it-IT","potentialAction":[{"@type":"ReadAction","target":["https:\/\/solesticadvisory.com\/cookie-policy\/"]}]},{"@type":"BreadcrumbList","@id":"https:\/\/solesticadvisory.com\/cookie-policy\/#breadcrumb","itemListElement":[{"@type":"ListItem","position":1,"name":"Home","item":"https:\/\/solesticadvisory.com\/"},{"@type":"ListItem","position":2,"name":"Cookie Policy"}]},{"@type":"WebSite","@id":"https:\/\/solesticadvisory.com\/#website","url":"https:\/\/solesticadvisory.com\/","name":"Solestic Advisory","description":"","publisher":{"@id":"https:\/\/solesticadvisory.com\/#organization"},"potentialAction":[{"@type":"SearchAction","target":{"@type":"EntryPoint","urlTemplate":"https:\/\/solesticadvisory.com\/?s={search_term_string}"},"query-input":"required name=search_term_string"}],"inLanguage":"it-IT"},{"@type":"Organization","@id":"https:\/\/solesticadvisory.com\/#organization","name":"Solestic Advisory","url":"https:\/\/solesticadvisory.com\/","logo":{"@type":"ImageObject","inLanguage":"it-IT","@id":"https:\/\/solesticadvisory.com\/#\/schema\/logo\/image\/","url":"https:\/\/solesticadvisory.com\/wp-content\/uploads\/2023\/11\/Vector.svg","contentUrl":"https:\/\/solesticadvisory.com\/wp-content\/uploads\/2023\/11\/Vector.svg","width":101,"height":25,"caption":"Solestic Advisory"},"image":{"@id":"https:\/\/solesticadvisory.com\/#\/schema\/logo\/image\/"}}]}},"_links":{"self":[{"href":"https:\/\/solesticadvisory.com\/it\/wp-json\/wp\/v2\/pages\/183"}],"collection":[{"href":"https:\/\/solesticadvisory.com\/it\/wp-json\/wp\/v2\/pages"}],"about":[{"href":"https:\/\/solesticadvisory.com\/it\/wp-json\/wp\/v2\/types\/page"}],"author":[{"embeddable":true,"href":"https:\/\/solesticadvisory.com\/it\/wp-json\/wp\/v2\/users\/1"}],"replies":[{"embeddable":true,"href":"https:\/\/solesticadvisory.com\/it\/wp-json\/wp\/v2\/comments?post=183"}],"version-history":[{"count":4,"href":"https:\/\/solesticadvisory.com\/it\/wp-json\/wp\/v2\/pages\/183\/revisions"}],"predecessor-version":[{"id":249,"href":"https:\/\/solesticadvisory.com\/it\/wp-json\/wp\/v2\/pages\/183\/revisions\/249"}],"wp:attachment":[{"href":"https:\/\/solesticadvisory.com\/it\/wp-json\/wp\/v2\/media?parent=183"}],"curies":[{"name":"wp","href":"https:\/\/api.w.org\/{rel}","templated":true}]}}