{"id":157,"date":"2023-11-16T13:27:05","date_gmt":"2023-11-16T13:27:05","guid":{"rendered":"https:\/\/solesticadvisory.com\/?page_id=157"},"modified":"2024-07-02T14:40:44","modified_gmt":"2024-07-02T13:40:44","slug":"terms-of-use","status":"publish","type":"page","link":"https:\/\/solesticadvisory.com\/it\/terms-of-use\/","title":{"rendered":"Condizioni di utilizzo"},"content":{"rendered":"<h2 class=\"wp-block-heading\">Generale<\/h2>\n\n\n\n<p>Le presenti condizioni di utilizzo si applicano a questo sito web (<a href=\"https:\/\/solestic-advisory.com\/\">https:\/\/solestic-advisory.com<\/a>) di Solestic EOOD, con sede principale presso la citt\u00e0 di Sofia 1618, Distretto di Sofia (Metropoli) Comune Metropolitano, regione Krasno selo 159 Zar Boris III, f1.13, ap. 8, e registrata con il numero 20708863 (\"Solestic Advisory\", \"nostro\", \"noi\" o \"ci\").&nbsp;<\/p>\n\n\n\n<p>Si prega di leggere attentamente le presenti condizioni di utilizzo.<\/p>\n\n\n\n<p>Accedendo a questo sito web e\/o utilizzando le informazioni fornite su o tramite questo sito web, l'utente accetta di essere vincolato dalle presenti condizioni d'uso. In caso di conflitto tra i termini e le condizioni dei servizi specifici ordinati tramite questo sito web e i presenti termini d'uso, prevarranno le condizioni specifiche di tali servizi.<\/p>\n\n\n\n<h2 class=\"wp-block-heading\">Esclusione di responsabilit\u00e0<\/h2>\n\n\n\n<p>Le informazioni contenute in questo sito web sono destinate esclusivamente a scopi informativi generali e non costituiscono una consulenza commerciale o di marketing specifica per la vostra situazione personale. Prima di prendere qualsiasi decisione o di intraprendere qualsiasi azione sulla base delle informazioni fornite in questo sito web, vi consigliamo di contattarci direttamente per discutere delle vostre esigenze commerciali e di marketing. Ci impegniamo a fornire soluzioni su misura e non siamo responsabili di eventuali perdite o danni derivanti dall'uso o dall'affidamento alle informazioni qui presentate.<\/p>\n\n\n\n<p>Tutte le informazioni contenute in questo sito web, compresi, a titolo esemplificativo ma non esaustivo, grafici, testi e link ad altri siti, sono fornite \"cos\u00ec come sono\" e sono soggette a modifiche senza preavviso. Tali informazioni sono fornite, nella misura massima consentita dalle leggi vigenti, senza garanzie di alcun tipo, espresse o implicite, incluse, a titolo esemplificativo e non esaustivo, le garanzie implicite di commerciabilit\u00e0, idoneit\u00e0 per uno scopo particolare, non violazione e assenza di virus informatici o dispositivi di disabilitazione simili.<\/p>\n\n\n\n<p>Solestic Advisory non garantisce l'adeguatezza, l'accuratezza o la completezza delle informazioni contenute in questo sito web e declina espressamente ogni responsabilit\u00e0 per errori o omissioni. Gli utenti sono responsabili della valutazione dell'accuratezza, della completezza o dell'utilit\u00e0 delle informazioni o degli altri contenuti di questo sito web.<\/p>\n\n\n\n<p>Solestic Advisory non garantisce che le informazioni fornite su o tramite questo sito web siano appropriate o disponibili per l'uso in qualsiasi giurisdizione. Solestic EOOD non \u00e8 responsabile della (non) conformit\u00e0 alle leggi locali applicabili derivante dall'uso o dal contenuto pubblicato su questo sito web.<\/p>\n\n\n\n<p>Solestic Advisory non garantisce il servizio privo di errori e ininterrotto di questo sito web.<\/p>\n\n\n\n<h2 class=\"wp-block-heading\">L'utilizzo del sito web da parte dell'utente<\/h2>\n\n\n\n<p>L'utilizzo di questo sito web da parte dell'utente non pu\u00f2 ostacolare in alcun modo l'utilizzo dello stesso da parte di altri utenti di Internet. Non \u00e8 consentito alcun uso che possa mettere in pericolo o compromettere il funzionamento di questo sito web e\/o influenzare le informazioni fornite su o tramite questo sito web o il software sottostante. Non \u00e8 consentito accedere o utilizzare il sito web o qualsiasi suo contenuto per scopi illegali o proibiti dalle presenti condizioni d'uso o per lo svolgimento di attivit\u00e0 illegali o di qualsiasi altra attivit\u00e0 che violi i diritti di Solestic Advisory.<\/p>\n\n\n\n<h2 class=\"wp-block-heading\">Informazioni, prodotti e servizi di terzi<\/h2>\n\n\n\n<p>Laddove Solestic Advisory fornisce collegamenti ipertestuali a siti web di terzi, tali collegamenti non costituiscono un'approvazione da parte di Solestic Advisory di alcun prodotto o servizio fornito su o tramite tali siti web. L'utilizzo di tali link \u00e8 interamente a rischio dell'utente e Solestic Advisory non si assume alcuna responsabilit\u00e0 per il contenuto, l'uso o la disponibilit\u00e0 di tali siti web. Solestic Advisory non ha verificato la veridicit\u00e0, l'accuratezza, la ragionevolezza, l'affidabilit\u00e0 e la completezza dei contenuti di tali siti web.<\/p>\n\n\n\n<h2 class=\"wp-block-heading\">Diritti di propriet\u00e0 intellettuale<\/h2>\n\n\n\n<p>Solestic Advisory, il proprietario dei contenuti, conserva tutti i diritti (compresi i diritti d'autore, i nomi di dominio, i marchi, i brevetti e qualsiasi altro diritto di propriet\u00e0 intellettuale) su tutte le informazioni fornite su o tramite questo sito web (compresi tutti i testi, la grafica e i loghi). Non \u00e8 possibile copiare, scaricare, pubblicare, distribuire o riprodurre in qualsiasi forma le informazioni contenute in questo sito web senza il previo consenso scritto di Solestic Advisory o l'appropriato consenso del proprietario. Tuttavia, \u00e8 possibile stampare e\/o scaricare le informazioni contenute in questo sito web per uso personale.<\/p>\n\n\n\n<h2 class=\"wp-block-heading\">Comunicazione online<\/h2>\n\n\n\n<p>I messaggi inviati a Solestic Advisory via e-mail o i dati inviati tramite i moduli (chat) pubblicati su questo sito web potrebbero non essere sicuri. Solestic Advisory raccomanda di non inviare informazioni riservate a Solestic Advisory via e-mail o tramite i moduli (chat) disponibili su questo sito web. Se inviate o presentate messaggi a Solestic Advisory via e-mail o tramite i moduli (chat) del sito web. In tal caso, accettate il rischio che una terza parte possa intercettarli, usarli impropriamente e modificarli.<\/p>\n\n\n\n<h2 class=\"wp-block-heading\">Esclusione di responsabilit\u00e0<\/h2>\n\n\n\n<p>N\u00e9 Solestic Advisory n\u00e9 i suoi agenti o subappaltatori saranno responsabili per danni diretti, indiretti, speciali, incidentali, consequenziali, punitivi o esemplari, compresi i mancati profitti (anche se Solestic Advisory \u00e8 stata avvisata della possibilit\u00e0 di tali danni) derivanti in qualsiasi modo da, inclusi ma non limitati a:<\/p>\n\n\n\n<ol>\n<li>Eventuali difetti, virus e qualsiasi altro malfunzionamento causato da qualsiasi apparecchiatura o altro software in relazione all'accesso o all'utilizzo di questo sito web.<\/li>\n\n\n\n<li>Le informazioni fornite su o tramite questo sito web.<\/li>\n\n\n\n<li>L'intercettazione, la modifica o l'uso improprio delle informazioni trasmesse a Solestic Advisory o trasmesse a voi.<\/li>\n\n\n\n<li>Il funzionamento o la mancata disponibilit\u00e0 di questo sito web.<\/li>\n\n\n\n<li>L'uso improprio di questo sito web.<\/li>\n\n\n\n<li>La perdita di dati.<\/li>\n\n\n\n<li>Scaricare o utilizzare qualsiasi software reso disponibile da questo sito web.<\/li>\n\n\n\n<li>Reclami di terzi in relazione all'utilizzo del sito web.<\/li>\n<\/ol>\n\n\n\n<p>L'esclusione di responsabilit\u00e0 avviene anche a beneficio degli amministratori e dei dipendenti di Solestic Advisory.<\/p>\n\n\n\n<h2 class=\"wp-block-heading\">La privacy<\/h2>\n\n\n\n<p>L'Informativa sulla privacy di Solestic Advisory si applica all'uso di questo sito web e a qualsiasi trattamento o trasferimento dei vostri dati tramite il sito web, e questo riferimento fa s\u00ec che i suoi termini diventino parte di questi termini d'uso.<\/p>\n\n\n\n<p>Inoltre, utilizzando questo sito web, l'utente riconosce e accetta che le trasmissioni via Internet non sono mai completamente private o sicure.<\/p>\n\n\n\n<h2 class=\"wp-block-heading\">Legge applicabile<\/h2>\n\n\n\n<p>Il presente sito web e le presenti condizioni d'uso sono disciplinati e interpretati esclusivamente dalle leggi della Bulgaria. Tutte le controversie derivanti da o in relazione alle presenti condizioni d'uso saranno sottoposte alla giurisdizione esclusiva dei tribunali dei Paesi Bassi. In caso di discrepanze o differenze di interpretazione tra le varie versioni linguistiche delle presenti condizioni d'uso, prevarr\u00e0 la versione in lingua inglese.<\/p>\n\n\n\n<h2 class=\"wp-block-heading\">Emendamenti<\/h2>\n\n\n\n<p>Solestic Advisory si riserva il diritto di modificare le informazioni fornite su o tramite questo sito web, comprese le presenti condizioni d'uso, in qualsiasi momento e senza preavviso. L'utente dovrebbe rivedere periodicamente queste informazioni, comprese le presenti condizioni d'uso, per verificare eventuali modifiche.<\/p>\n\n\n\n<h2 class=\"wp-block-heading\">Contattateci<\/h2>\n\n\n\n<p>In caso di domande sui Termini e Condizioni di Solestic Advisory, si prega di inviare un'e-mail a <a href=\"mailto:info@solestic-advisory.com\">info@solestic-advisory.com<\/a> e assicuratevi di indicare la natura della vostra richiesta.<\/p>\n\n\n\n<p>\u00a9 Copyright 2024 Solestic EOOD<\/p>","protected":false},"excerpt":{"rendered":"<p>General These terms of use apply to this website (https:\/\/solestic-advisory.com) of Solestic EOOD, with its principal place of business located at the city of Sofia 1618, Sofia District (Metropolis) Metropolitan Municipality, Krasno selo region 159 Tsar Boris III, f1.13, ap. 8, and registered under number 20708863 (&#8220;Solestic Advisory,&#8221; &#8220;our,&#8221; &#8220;us&#8221; or &#8220;we&#8221;).&nbsp; Please read these [&hellip;]<\/p>","protected":false},"author":1,"featured_media":179,"parent":0,"menu_order":0,"comment_status":"closed","ping_status":"closed","template":"template-pages\/poliyc.php","meta":{"footnotes":""},"acf":[],"yoast_head":"<!-- This site is optimized with the Yoast SEO plugin v21.5 - https:\/\/yoast.com\/wordpress\/plugins\/seo\/ -->\n<title>Terms of Use - Solestic Advisory<\/title>\n<meta name=\"robots\" content=\"index, follow, max-snippet:-1, max-image-preview:large, max-video-preview:-1\" \/>\n<link rel=\"canonical\" href=\"https:\/\/solesticadvisory.com\/it\/terms-of-use\/\" \/>\n<meta property=\"og:locale\" content=\"it_IT\" \/>\n<meta property=\"og:type\" content=\"article\" \/>\n<meta property=\"og:title\" content=\"Terms of Use - Solestic Advisory\" \/>\n<meta property=\"og:description\" content=\"General These terms of use apply to this website (https:\/\/solestic-advisory.com) of Solestic EOOD, with its principal place of business located at the city of Sofia 1618, Sofia District (Metropolis) Metropolitan Municipality, Krasno selo region 159 Tsar Boris III, f1.13, ap. 8, and registered under number 20708863 (&#8220;Solestic Advisory,&#8221; &#8220;our,&#8221; &#8220;us&#8221; or &#8220;we&#8221;).&nbsp; Please read these [&hellip;]\" \/>\n<meta property=\"og:url\" content=\"https:\/\/solesticadvisory.com\/it\/terms-of-use\/\" \/>\n<meta property=\"og:site_name\" content=\"Solestic Advisory\" \/>\n<meta property=\"article:modified_time\" content=\"2024-07-02T13:40:44+00:00\" \/>\n<meta property=\"og:image\" content=\"http:\/\/solesticadvisory.com\/wp-content\/uploads\/2023\/11\/sol_meta.png\" \/>\n\t<meta property=\"og:image:width\" content=\"1024\" \/>\n\t<meta property=\"og:image:height\" content=\"512\" \/>\n\t<meta property=\"og:image:type\" content=\"image\/png\" \/>\n<meta name=\"twitter:card\" content=\"summary_large_image\" \/>\n<meta name=\"twitter:image\" content=\"https:\/\/solesticadvisory.com\/wp-content\/uploads\/2023\/11\/sol_meta.png\" \/>\n<meta name=\"twitter:label1\" content=\"Tempo di lettura stimato\" \/>\n\t<meta name=\"twitter:data1\" content=\"5 minuti\" \/>\n<script type=\"application\/ld+json\" class=\"yoast-schema-graph\">{\"@context\":\"https:\/\/schema.org\",\"@graph\":[{\"@type\":\"WebPage\",\"@id\":\"https:\/\/solesticadvisory.com\/terms-of-use\/\",\"url\":\"https:\/\/solesticadvisory.com\/terms-of-use\/\",\"name\":\"Terms of Use - Solestic Advisory\",\"isPartOf\":{\"@id\":\"https:\/\/solesticadvisory.com\/#website\"},\"datePublished\":\"2023-11-16T13:27:05+00:00\",\"dateModified\":\"2024-07-02T13:40:44+00:00\",\"breadcrumb\":{\"@id\":\"https:\/\/solesticadvisory.com\/terms-of-use\/#breadcrumb\"},\"inLanguage\":\"it-IT\",\"potentialAction\":[{\"@type\":\"ReadAction\",\"target\":[\"https:\/\/solesticadvisory.com\/terms-of-use\/\"]}]},{\"@type\":\"BreadcrumbList\",\"@id\":\"https:\/\/solesticadvisory.com\/terms-of-use\/#breadcrumb\",\"itemListElement\":[{\"@type\":\"ListItem\",\"position\":1,\"name\":\"Home\",\"item\":\"https:\/\/solesticadvisory.com\/\"},{\"@type\":\"ListItem\",\"position\":2,\"name\":\"Terms of Use\"}]},{\"@type\":\"WebSite\",\"@id\":\"https:\/\/solesticadvisory.com\/#website\",\"url\":\"https:\/\/solesticadvisory.com\/\",\"name\":\"Solestic Advisory\",\"description\":\"\",\"publisher\":{\"@id\":\"https:\/\/solesticadvisory.com\/#organization\"},\"potentialAction\":[{\"@type\":\"SearchAction\",\"target\":{\"@type\":\"EntryPoint\",\"urlTemplate\":\"https:\/\/solesticadvisory.com\/?s={search_term_string}\"},\"query-input\":\"required name=search_term_string\"}],\"inLanguage\":\"it-IT\"},{\"@type\":\"Organization\",\"@id\":\"https:\/\/solesticadvisory.com\/#organization\",\"name\":\"Solestic Advisory\",\"url\":\"https:\/\/solesticadvisory.com\/\",\"logo\":{\"@type\":\"ImageObject\",\"inLanguage\":\"it-IT\",\"@id\":\"https:\/\/solesticadvisory.com\/#\/schema\/logo\/image\/\",\"url\":\"https:\/\/solesticadvisory.com\/wp-content\/uploads\/2023\/11\/Vector.svg\",\"contentUrl\":\"https:\/\/solesticadvisory.com\/wp-content\/uploads\/2023\/11\/Vector.svg\",\"width\":101,\"height\":25,\"caption\":\"Solestic Advisory\"},\"image\":{\"@id\":\"https:\/\/solesticadvisory.com\/#\/schema\/logo\/image\/\"}}]}<\/script>\n<!-- \/ Yoast SEO plugin. -->","yoast_head_json":{"title":"Terms of Use - Solestic Advisory","robots":{"index":"index","follow":"follow","max-snippet":"max-snippet:-1","max-image-preview":"max-image-preview:large","max-video-preview":"max-video-preview:-1"},"canonical":"https:\/\/solesticadvisory.com\/it\/terms-of-use\/","og_locale":"it_IT","og_type":"article","og_title":"Terms of Use - Solestic Advisory","og_description":"General These terms of use apply to this website (https:\/\/solestic-advisory.com) of Solestic EOOD, with its principal place of business located at the city of Sofia 1618, Sofia District (Metropolis) Metropolitan Municipality, Krasno selo region 159 Tsar Boris III, f1.13, ap. 8, and registered under number 20708863 (&#8220;Solestic Advisory,&#8221; &#8220;our,&#8221; &#8220;us&#8221; or &#8220;we&#8221;).&nbsp; Please read these [&hellip;]","og_url":"https:\/\/solesticadvisory.com\/it\/terms-of-use\/","og_site_name":"Solestic Advisory","article_modified_time":"2024-07-02T13:40:44+00:00","og_image":[{"width":1024,"height":512,"url":"http:\/\/solesticadvisory.com\/wp-content\/uploads\/2023\/11\/sol_meta.png","type":"image\/png"}],"twitter_card":"summary_large_image","twitter_image":"https:\/\/solesticadvisory.com\/wp-content\/uploads\/2023\/11\/sol_meta.png","twitter_misc":{"Tempo di lettura stimato":"5 minuti"},"schema":{"@context":"https:\/\/schema.org","@graph":[{"@type":"WebPage","@id":"https:\/\/solesticadvisory.com\/terms-of-use\/","url":"https:\/\/solesticadvisory.com\/terms-of-use\/","name":"Terms of Use - Solestic Advisory","isPartOf":{"@id":"https:\/\/solesticadvisory.com\/#website"},"datePublished":"2023-11-16T13:27:05+00:00","dateModified":"2024-07-02T13:40:44+00:00","breadcrumb":{"@id":"https:\/\/solesticadvisory.com\/terms-of-use\/#breadcrumb"},"inLanguage":"it-IT","potentialAction":[{"@type":"ReadAction","target":["https:\/\/solesticadvisory.com\/terms-of-use\/"]}]},{"@type":"BreadcrumbList","@id":"https:\/\/solesticadvisory.com\/terms-of-use\/#breadcrumb","itemListElement":[{"@type":"ListItem","position":1,"name":"Home","item":"https:\/\/solesticadvisory.com\/"},{"@type":"ListItem","position":2,"name":"Terms of Use"}]},{"@type":"WebSite","@id":"https:\/\/solesticadvisory.com\/#website","url":"https:\/\/solesticadvisory.com\/","name":"Solestic Advisory","description":"","publisher":{"@id":"https:\/\/solesticadvisory.com\/#organization"},"potentialAction":[{"@type":"SearchAction","target":{"@type":"EntryPoint","urlTemplate":"https:\/\/solesticadvisory.com\/?s={search_term_string}"},"query-input":"required name=search_term_string"}],"inLanguage":"it-IT"},{"@type":"Organization","@id":"https:\/\/solesticadvisory.com\/#organization","name":"Solestic Advisory","url":"https:\/\/solesticadvisory.com\/","logo":{"@type":"ImageObject","inLanguage":"it-IT","@id":"https:\/\/solesticadvisory.com\/#\/schema\/logo\/image\/","url":"https:\/\/solesticadvisory.com\/wp-content\/uploads\/2023\/11\/Vector.svg","contentUrl":"https:\/\/solesticadvisory.com\/wp-content\/uploads\/2023\/11\/Vector.svg","width":101,"height":25,"caption":"Solestic Advisory"},"image":{"@id":"https:\/\/solesticadvisory.com\/#\/schema\/logo\/image\/"}}]}},"_links":{"self":[{"href":"https:\/\/solesticadvisory.com\/it\/wp-json\/wp\/v2\/pages\/157"}],"collection":[{"href":"https:\/\/solesticadvisory.com\/it\/wp-json\/wp\/v2\/pages"}],"about":[{"href":"https:\/\/solesticadvisory.com\/it\/wp-json\/wp\/v2\/types\/page"}],"author":[{"embeddable":true,"href":"https:\/\/solesticadvisory.com\/it\/wp-json\/wp\/v2\/users\/1"}],"replies":[{"embeddable":true,"href":"https:\/\/solesticadvisory.com\/it\/wp-json\/wp\/v2\/comments?post=157"}],"version-history":[{"count":4,"href":"https:\/\/solesticadvisory.com\/it\/wp-json\/wp\/v2\/pages\/157\/revisions"}],"predecessor-version":[{"id":244,"href":"https:\/\/solesticadvisory.com\/it\/wp-json\/wp\/v2\/pages\/157\/revisions\/244"}],"wp:featuredmedia":[{"embeddable":true,"href":"https:\/\/solesticadvisory.com\/it\/wp-json\/wp\/v2\/media\/179"}],"wp:attachment":[{"href":"https:\/\/solesticadvisory.com\/it\/wp-json\/wp\/v2\/media?parent=157"}],"curies":[{"name":"wp","href":"https:\/\/api.w.org\/{rel}","templated":true}]}}