{"id":53,"date":"2023-11-17T08:43:08","date_gmt":"2023-11-17T08:43:08","guid":{"rendered":"https:\/\/solesticadvisory.com\/?page_id=53"},"modified":"2024-07-02T14:54:07","modified_gmt":"2024-07-02T13:54:07","slug":"refund-policy","status":"publish","type":"page","link":"https:\/\/solesticadvisory.com\/de\/refund-policy\/","title":{"rendered":"Erstattungspolitik"},"content":{"rendered":"<p>Vielen Dank, dass Sie unsere Dienstleistungen in Anspruch nehmen <a href=\"https:\/\/solesticadvisory.com\/de\/\">https:\/\/solesticadvisory.com\/<\/a>, betrieben von Solestic EOOD.<\/p>\n\n\n\n<p>Wenn Sie mit den gekauften Dienstleistungen unzufrieden sind oder Probleme damit haben, haben Sie zwei Wochen Zeit, um eine R\u00fcckerstattung zu beantragen. Schicken Sie uns dazu eine E-Mail an <a href=\"mailto:support@solesticadvisory.com\">support@solesticadvisory.com<\/a>.<\/p>\n\n\n\n<p>Unser Team wird sich in K\u00fcrze bei Ihnen melden und Ihren Fall innerhalb von sieben Arbeitstagen pr\u00fcfen. Bitte hinterlassen Sie eine detaillierte Beschreibung des Grundes f\u00fcr die R\u00fcckerstattung. Wir bieten eine 100% Geld-zur\u00fcck-Garantie f\u00fcr alle Eink\u00e4ufe auf unserer Website. Das Geld wird mit der urspr\u00fcnglichen Zahlungsmethode zur\u00fcckerstattet.<\/p>\n\n\n\n<h2 class=\"wp-block-heading\"><strong>Kontaktinformationen<\/strong><\/h2>\n\n\n\n<p>Sie k\u00f6nnen sich jederzeit mit uns in Verbindung setzen:<\/p>\n\n\n\n<ul>\n<li>E-Mail: <a href=\"mailto:support@solesticadvisory.com\">support@solesticadvisory.com<\/a><\/li>\n\n\n\n<li>Rufnummer: <a href=\"tel:+359885397349\">+359885397349<\/a><\/li>\n\n\n\n<li>Besuchen Sie unsere Kontakt-Seite: <a href=\"https:\/\/solesticadvisory.com\/de\/contact\/\">https:\/\/solesticadvisory.com\/contact\/<\/a><\/li>\n<\/ul>\n\n\n\n<p>Ihre Fragen und Anfragen sind jederzeit willkommen.<\/p>","protected":false},"excerpt":{"rendered":"<p>Thank you for purchasing our services at https:\/\/solesticadvisory.com\/, operated by Solestic EOOD. If you are unhappy with the services you bought or have problems with them, you have two weeks to issue a refund. To do so, email us at support@solesticadvisory.com. Our team will return to you shortly and review your case within seven working [&hellip;]<\/p>","protected":false},"author":1,"featured_media":179,"parent":0,"menu_order":0,"comment_status":"closed","ping_status":"closed","template":"template-pages\/poliyc.php","meta":{"footnotes":""},"acf":[],"yoast_head":"<!-- This site is optimized with the Yoast SEO plugin v21.5 - https:\/\/yoast.com\/wordpress\/plugins\/seo\/ -->\n<title>Refund Policy - Solestic Advisory<\/title>\n<meta name=\"robots\" content=\"index, follow, max-snippet:-1, max-image-preview:large, max-video-preview:-1\" \/>\n<link rel=\"canonical\" href=\"https:\/\/solesticadvisory.com\/de\/refund-policy\/\" \/>\n<meta property=\"og:locale\" content=\"de_DE\" \/>\n<meta property=\"og:type\" content=\"article\" \/>\n<meta property=\"og:title\" content=\"Refund Policy - Solestic Advisory\" \/>\n<meta property=\"og:description\" content=\"Thank you for purchasing our services at https:\/\/solesticadvisory.com\/, operated by Solestic EOOD. If you are unhappy with the services you bought or have problems with them, you have two weeks to issue a refund. To do so, email us at support@solesticadvisory.com. Our team will return to you shortly and review your case within seven working [&hellip;]\" \/>\n<meta property=\"og:url\" content=\"https:\/\/solesticadvisory.com\/de\/refund-policy\/\" \/>\n<meta property=\"og:site_name\" content=\"Solestic Advisory\" \/>\n<meta property=\"article:modified_time\" content=\"2024-07-02T13:54:07+00:00\" \/>\n<meta property=\"og:image\" content=\"http:\/\/solesticadvisory.com\/wp-content\/uploads\/2023\/11\/sol_meta.png\" \/>\n\t<meta property=\"og:image:width\" content=\"1024\" \/>\n\t<meta property=\"og:image:height\" content=\"512\" \/>\n\t<meta property=\"og:image:type\" content=\"image\/png\" \/>\n<meta name=\"twitter:card\" content=\"summary_large_image\" \/>\n<meta name=\"twitter:image\" content=\"https:\/\/solesticadvisory.com\/wp-content\/uploads\/2023\/11\/sol_meta.png\" \/>\n<meta name=\"twitter:label1\" content=\"Gesch\u00e4tzte Lesezeit\" \/>\n\t<meta name=\"twitter:data1\" content=\"1\u00a0Minute\" \/>\n<script type=\"application\/ld+json\" class=\"yoast-schema-graph\">{\"@context\":\"https:\/\/schema.org\",\"@graph\":[{\"@type\":\"WebPage\",\"@id\":\"https:\/\/solesticadvisory.com\/refund-policy\/\",\"url\":\"https:\/\/solesticadvisory.com\/refund-policy\/\",\"name\":\"Refund Policy - Solestic Advisory\",\"isPartOf\":{\"@id\":\"https:\/\/solesticadvisory.com\/#website\"},\"datePublished\":\"2023-11-17T08:43:08+00:00\",\"dateModified\":\"2024-07-02T13:54:07+00:00\",\"breadcrumb\":{\"@id\":\"https:\/\/solesticadvisory.com\/refund-policy\/#breadcrumb\"},\"inLanguage\":\"de\",\"potentialAction\":[{\"@type\":\"ReadAction\",\"target\":[\"https:\/\/solesticadvisory.com\/refund-policy\/\"]}]},{\"@type\":\"BreadcrumbList\",\"@id\":\"https:\/\/solesticadvisory.com\/refund-policy\/#breadcrumb\",\"itemListElement\":[{\"@type\":\"ListItem\",\"position\":1,\"name\":\"Home\",\"item\":\"https:\/\/solesticadvisory.com\/\"},{\"@type\":\"ListItem\",\"position\":2,\"name\":\"Refund Policy\"}]},{\"@type\":\"WebSite\",\"@id\":\"https:\/\/solesticadvisory.com\/#website\",\"url\":\"https:\/\/solesticadvisory.com\/\",\"name\":\"Solestic Advisory\",\"description\":\"\",\"publisher\":{\"@id\":\"https:\/\/solesticadvisory.com\/#organization\"},\"potentialAction\":[{\"@type\":\"SearchAction\",\"target\":{\"@type\":\"EntryPoint\",\"urlTemplate\":\"https:\/\/solesticadvisory.com\/?s={search_term_string}\"},\"query-input\":\"required name=search_term_string\"}],\"inLanguage\":\"de\"},{\"@type\":\"Organization\",\"@id\":\"https:\/\/solesticadvisory.com\/#organization\",\"name\":\"Solestic Advisory\",\"url\":\"https:\/\/solesticadvisory.com\/\",\"logo\":{\"@type\":\"ImageObject\",\"inLanguage\":\"de\",\"@id\":\"https:\/\/solesticadvisory.com\/#\/schema\/logo\/image\/\",\"url\":\"https:\/\/solesticadvisory.com\/wp-content\/uploads\/2023\/11\/Vector.svg\",\"contentUrl\":\"https:\/\/solesticadvisory.com\/wp-content\/uploads\/2023\/11\/Vector.svg\",\"width\":101,\"height\":25,\"caption\":\"Solestic Advisory\"},\"image\":{\"@id\":\"https:\/\/solesticadvisory.com\/#\/schema\/logo\/image\/\"}}]}<\/script>\n<!-- \/ Yoast SEO plugin. -->","yoast_head_json":{"title":"Refund Policy - Solestic Advisory","robots":{"index":"index","follow":"follow","max-snippet":"max-snippet:-1","max-image-preview":"max-image-preview:large","max-video-preview":"max-video-preview:-1"},"canonical":"https:\/\/solesticadvisory.com\/de\/refund-policy\/","og_locale":"de_DE","og_type":"article","og_title":"Refund Policy - Solestic Advisory","og_description":"Thank you for purchasing our services at https:\/\/solesticadvisory.com\/, operated by Solestic EOOD. If you are unhappy with the services you bought or have problems with them, you have two weeks to issue a refund. To do so, email us at support@solesticadvisory.com. Our team will return to you shortly and review your case within seven working [&hellip;]","og_url":"https:\/\/solesticadvisory.com\/de\/refund-policy\/","og_site_name":"Solestic Advisory","article_modified_time":"2024-07-02T13:54:07+00:00","og_image":[{"width":1024,"height":512,"url":"http:\/\/solesticadvisory.com\/wp-content\/uploads\/2023\/11\/sol_meta.png","type":"image\/png"}],"twitter_card":"summary_large_image","twitter_image":"https:\/\/solesticadvisory.com\/wp-content\/uploads\/2023\/11\/sol_meta.png","twitter_misc":{"Gesch\u00e4tzte Lesezeit":"1\u00a0Minute"},"schema":{"@context":"https:\/\/schema.org","@graph":[{"@type":"WebPage","@id":"https:\/\/solesticadvisory.com\/refund-policy\/","url":"https:\/\/solesticadvisory.com\/refund-policy\/","name":"Refund Policy - Solestic Advisory","isPartOf":{"@id":"https:\/\/solesticadvisory.com\/#website"},"datePublished":"2023-11-17T08:43:08+00:00","dateModified":"2024-07-02T13:54:07+00:00","breadcrumb":{"@id":"https:\/\/solesticadvisory.com\/refund-policy\/#breadcrumb"},"inLanguage":"de","potentialAction":[{"@type":"ReadAction","target":["https:\/\/solesticadvisory.com\/refund-policy\/"]}]},{"@type":"BreadcrumbList","@id":"https:\/\/solesticadvisory.com\/refund-policy\/#breadcrumb","itemListElement":[{"@type":"ListItem","position":1,"name":"Home","item":"https:\/\/solesticadvisory.com\/"},{"@type":"ListItem","position":2,"name":"Refund Policy"}]},{"@type":"WebSite","@id":"https:\/\/solesticadvisory.com\/#website","url":"https:\/\/solesticadvisory.com\/","name":"Solestic Advisory","description":"","publisher":{"@id":"https:\/\/solesticadvisory.com\/#organization"},"potentialAction":[{"@type":"SearchAction","target":{"@type":"EntryPoint","urlTemplate":"https:\/\/solesticadvisory.com\/?s={search_term_string}"},"query-input":"required name=search_term_string"}],"inLanguage":"de"},{"@type":"Organization","@id":"https:\/\/solesticadvisory.com\/#organization","name":"Solestic Advisory","url":"https:\/\/solesticadvisory.com\/","logo":{"@type":"ImageObject","inLanguage":"de","@id":"https:\/\/solesticadvisory.com\/#\/schema\/logo\/image\/","url":"https:\/\/solesticadvisory.com\/wp-content\/uploads\/2023\/11\/Vector.svg","contentUrl":"https:\/\/solesticadvisory.com\/wp-content\/uploads\/2023\/11\/Vector.svg","width":101,"height":25,"caption":"Solestic Advisory"},"image":{"@id":"https:\/\/solesticadvisory.com\/#\/schema\/logo\/image\/"}}]}},"_links":{"self":[{"href":"https:\/\/solesticadvisory.com\/de\/wp-json\/wp\/v2\/pages\/53"}],"collection":[{"href":"https:\/\/solesticadvisory.com\/de\/wp-json\/wp\/v2\/pages"}],"about":[{"href":"https:\/\/solesticadvisory.com\/de\/wp-json\/wp\/v2\/types\/page"}],"author":[{"embeddable":true,"href":"https:\/\/solesticadvisory.com\/de\/wp-json\/wp\/v2\/users\/1"}],"replies":[{"embeddable":true,"href":"https:\/\/solesticadvisory.com\/de\/wp-json\/wp\/v2\/comments?post=53"}],"version-history":[{"count":4,"href":"https:\/\/solesticadvisory.com\/de\/wp-json\/wp\/v2\/pages\/53\/revisions"}],"predecessor-version":[{"id":250,"href":"https:\/\/solesticadvisory.com\/de\/wp-json\/wp\/v2\/pages\/53\/revisions\/250"}],"wp:featuredmedia":[{"embeddable":true,"href":"https:\/\/solesticadvisory.com\/de\/wp-json\/wp\/v2\/media\/179"}],"wp:attachment":[{"href":"https:\/\/solesticadvisory.com\/de\/wp-json\/wp\/v2\/media?parent=53"}],"curies":[{"name":"wp","href":"https:\/\/api.w.org\/{rel}","templated":true}]}}