{"id":183,"date":"2023-11-17T08:48:51","date_gmt":"2023-11-17T08:48:51","guid":{"rendered":"https:\/\/solesticadvisory.com\/?page_id=183"},"modified":"2024-07-02T14:53:21","modified_gmt":"2024-07-02T13:53:21","slug":"cookie-policy","status":"publish","type":"page","link":"https:\/\/solesticadvisory.com\/de\/cookie-policy\/","title":{"rendered":"Cookie-Richtlinie"},"content":{"rendered":"<h2 class=\"wp-block-heading\">Einf\u00fchrung<\/h2>\n\n\n\n<p>Diese Cookie-Richtlinie (\"Richtlinie\") beschreibt, wie Solestic Advisory Cookies auf dieser Website verwendet.<\/p>\n\n\n\n<p>Diese Website (<a href=\"https:\/\/solesticadvisory.com\/de\/\">https:\/\/solesticadvisory.com\/<\/a>) wird von Solestic EOOD verwaltet und betrieben, die ihren Sitz in der Stadt Sofia, 1618, Bezirk Sofia (Metropole), Region Krasno selo 159 Zar Boris III, f1.13, ap. 8.<\/p>\n\n\n\n<p>Solestic Advisory beh\u00e4lt sich das Recht vor, (Teile) dieser Politik jederzeit und ohne Vorank\u00fcndigung zu \u00e4ndern. Es wird empfohlen, dass Sie diese Richtlinie regelm\u00e4\u00dfig auf \u00c4nderungen \u00fcberpr\u00fcfen.<\/p>\n\n\n\n<h2 class=\"wp-block-heading\">Was sind Cookies?<\/h2>\n\n\n\n<p>Solestic Advisory verwendet Cookies auf seiner Website. Ein Cookie ist eine kleine Textdatei, die an Ihren Internetbrowser gesendet wird. Ihr Internetbrowser (entweder \u00fcber Ihren Computer oder andere internetf\u00e4hige Ger\u00e4te wie Smartphones oder Tablets) speichert das Cookie. Ein Cookie ist in der Regel eine eindeutige Nummer, mit der Daten verkn\u00fcpft werden k\u00f6nnen.<\/p>\n\n\n\n<p>Cookies k\u00f6nnen entweder \"dauerhafte\" Cookies oder \"Sitzungscookies\" sein. Ein dauerhafter Cookie besteht aus einer Textdatei, die von einem Webserver an einen Webbrowser gesendet wird, die vom Browser gespeichert wird und bis zu ihrem festgelegten Ablaufdatum g\u00fcltig bleibt (sofern sie nicht vom Besucher vor dem Ablaufdatum gel\u00f6scht wird). Ein Sitzungscookie hingegen l\u00e4uft am Ende der Besuchersitzung ab, wenn der Webbrowser geschlossen wird.<\/p>\n\n\n\n<h2 class=\"wp-block-heading\">Warum verwendet Solestic Advisory Cookies?<\/h2>\n\n\n\n<p>Solestic Advisory verwendet Cookies, um sicherzustellen, dass Sie die bestm\u00f6gliche Benutzererfahrung auf unserer Website haben und sich schnell und effizient auf ihr bewegen k\u00f6nnen. Au\u00dferdem werden Cookies eingesetzt, um festzustellen, wo die Website verbessert werden kann, damit Sie noch schneller und einfacher finden, wonach Sie suchen. Und schlie\u00dflich verwendet Solestic Advisory Cookies, um Ihnen relevante Informationen und Angebote zu unterbreiten.<\/p>\n\n\n\n<h2 class=\"wp-block-heading\">Welche Arten von Cookies werden von Solestic Advisory verwendet?<\/h2>\n\n\n\n<p>Solestic Advisory verwendet die folgenden Arten von Cookies auf seiner Website:<\/p>\n\n\n\n<p><strong>Funktionale Cookies: <\/strong>Diese Cookies sind f\u00fcr den korrekten Betrieb dieser Website unerl\u00e4sslich. Sie werden verwendet, um Pr\u00e4ferenzen zu speichern, den Missbrauch unserer Website und Dienste zu erkennen und die Last auf unseren Servern zu verteilen, wodurch unsere Website verf\u00fcgbar bleibt. Bestimmte von Ihnen angeforderte Dienste k\u00f6nnen ohne diese Cookies nicht bereitgestellt werden.<\/p>\n\n\n\n<p><strong>Webstatistiken <\/strong>Cookies ermitteln, welche Teile dieser Website die Besucher am meisten interessieren. Dies erm\u00f6glicht es uns, die Struktur, die Navigation und den Inhalt unserer Website benutzerfreundlich zu gestalten. Im Einzelnen werden diese Cookies verwendet, um:<\/p>\n\n\n\n<ol>\n<li>Verfolgen Sie die Anzahl der Besucher auf unseren Webseiten.<\/li>\n\n\n\n<li>Verfolgen Sie die Zeit, die jeder Nutzer auf unseren Webseiten verbringt.<\/li>\n\n\n\n<li>Ermittlung der Reihenfolge, in der ein Besucher die verschiedenen Seiten unserer Website besucht.<\/li>\n\n\n\n<li>Beurteilen Sie, welche Teile der Website ge\u00e4ndert werden m\u00fcssen.<\/li>\n\n\n\n<li>Optimieren Sie die Website.<\/li>\n<\/ol>\n\n\n\n<p>F\u00fcr diese Zwecke kann Software von Dritten (wie Google Analytics) verwendet werden.&nbsp;<\/p>\n\n\n\n<h2 class=\"wp-block-heading\">Was macht Solestic Advisory mit den Cookies?<\/h2>\n\n\n\n<p>Solestic Advisory verwendet die Cookies aus verschiedenen Gr\u00fcnden:<\/p>\n\n\n\n<ul>\n<li>um zu untersuchen, wie Benutzer oder Benutzergruppen die Website nutzen, damit Solestic Advisory die Website verbessern kann;<\/li>\n\n\n\n<li>um Sie besser \u00fcber die Dienstleistungen von Solestic Advisory informieren zu k\u00f6nnen;<\/li>\n\n\n\n<li>um Analysen f\u00fcr Forschung und Statistik zu erstellen;<\/li>\n\n\n\n<li>die Website zu verbessern, damit Sie leichter finden, was Sie suchen, und<\/li>\n\n\n\n<li>um Ihre Einstellungen und Pr\u00e4ferenzen zu speichern. Dadurch werden Ihre sp\u00e4teren Besuche auf der Website leichter zug\u00e4nglich.<\/li>\n<\/ul>\n\n\n\n<h2 class=\"wp-block-heading\">Wie kann ich Cookies akzeptieren?<\/h2>\n\n\n\n<p>Sie k\u00f6nnen Cookies akzeptieren, indem Sie auf dem Cookie-Pop-up auf der Startseite dieser Website auf die Schaltfl\u00e4che Akzeptieren und schlie\u00dfen klicken. Das Cookie-Pop-up wird bei Ihrem n\u00e4chsten Besuch der Website nicht mehr angezeigt.<\/p>\n\n\n\n<h2 class=\"wp-block-heading\">Was akzeptiere ich, wenn ich Cookies akzeptiere?<\/h2>\n\n\n\n<p>Wenn Sie das Cookie-Pop-up akzeptieren, akzeptieren Sie alle auf dieser Website verwendeten Cookies und stimmen der Verwendung von Cookies wie in dieser Richtlinie beschrieben zu.<\/p>\n\n\n\n<h2 class=\"wp-block-heading\">Wie verwaltet man Cookies?<\/h2>\n\n\n\n<p>Wenn Sie nicht m\u00f6chten, dass unsere Website Cookies auf Ihrem Ger\u00e4t speichert, k\u00f6nnen Sie Ihre Browsereinstellungen so \u00e4ndern, dass Sie eine Warnung erhalten, bevor bestimmte Cookies gespeichert werden. Sie k\u00f6nnen Ihren Browser auch so einstellen, dass er die meisten unserer Cookies oder nur bestimmte Cookies von Drittanbietern ablehnt. Sie k\u00f6nnen Ihre Zustimmung zu Cookies auch widerrufen, indem Sie die bereits gespeicherten Cookies l\u00f6schen.<\/p>\n\n\n\n<p>Bitte beachten Sie, dass wir nicht garantieren k\u00f6nnen, dass unsere Website ordnungsgem\u00e4\u00df funktioniert, wenn Sie keine Cookies akzeptieren wollen. Es kann sein, dass Ihnen einige Funktionen nicht zur Verf\u00fcgung stehen oder dass Sie bestimmte Teile der Website gar nicht sehen k\u00f6nnen.<\/p>\n\n\n\n<p>Bitte beachten Sie, dass Sie Ihre Einstellungen f\u00fcr jeden Browser und jedes Ger\u00e4t \u00e4ndern m\u00fcssen. Au\u00dferdem funktionieren diese Methoden nicht mit bestimmten Online-Tracking-Technologien ohne Cookies.<\/p>\n\n\n\n<p>Die Verfahren zur \u00c4nderung Ihrer Einstellungen und Cookies sind von Browser zu Browser unterschiedlich. Benutzen Sie gegebenenfalls die Hilfefunktion Ihres Browsers oder klicken Sie auf einen der unten stehenden Links, um direkt zum Benutzerhandbuch Ihres Browsers zu gelangen:<\/p>\n\n\n\n<ul>\n<li><a href=\"https:\/\/support.microsoft.com\/en-gb\/windows\/delete-and-manage-cookies-168dab11-0753-043d-7c16-ede5947fc64d\">Internet Explorer<\/a><\/li>\n\n\n\n<li><a href=\"https:\/\/support.mozilla.org\/en-US\/kb\/cookies-information-websites-store-on-your-computer?redirectslug=Cookies&amp;redirectlocale=en-US\">Mozilla Firefox<\/a><\/li>\n\n\n\n<li><a href=\"https:\/\/support.google.com\/chrome\/answer\/95647?hl=en\">Google Chrome<\/a><\/li>\n\n\n\n<li><a href=\"https:\/\/support.apple.com\/en-gb\/guide\/safari\/sfri11471\/mac\">Safari<\/a><\/li>\n\n\n\n<li><a href=\"https:\/\/security.opera.com\/en\/\">Oper<\/a><\/li>\n<\/ul>\n\n\n\n<p>Es gibt auch Softwareprodukte, die Cookies f\u00fcr Sie verwalten k\u00f6nnen. Sie k\u00f6nnen auch www.ghostery.com verwenden, um jedes Cookie auf unseren Websites zu akzeptieren oder abzulehnen.<\/p>\n\n\n\n<p>Wenn Sie mehr \u00fcber Cookies erfahren m\u00f6chten, einschlie\u00dflich ihrer Einstellung und wie Sie sie verwalten oder l\u00f6schen k\u00f6nnen, besuchen Sie <a href=\"http:\/\/www.allaboutcookies.org\/\">www.allaboutcookies.org<\/a>.<\/p>\n\n\n\n<h2 class=\"wp-block-heading\">Kontaktinformationen<\/h2>\n\n\n\n<p>Wenn Sie Fragen zur Cookie-Politik von Solestic Advisory haben, senden Sie bitte eine E-Mail an <a href=\"mailto:support@solesticadvisory.com\">support@solesticadvisory.com<\/a> und geben Sie unbedingt die Art Ihrer Anfrage an.<\/p>","protected":false},"excerpt":{"rendered":"<p>Introduction This Cookie Policy (\u201cPolicy\u201d) describes how Solestic Advisory uses cookies on this website. This website (https:\/\/solesticadvisory.com\/) is administered and operated by Solestic EOOD, which has its registered address in the City of Sofia, 1618, Sofia District (Metropolis) Metropolitan Municipality, Krasno selo region 159 tsar Boris III, f1.13, ap. 8. Solestic Advisory reserves the right [&hellip;]<\/p>","protected":false},"author":1,"featured_media":0,"parent":0,"menu_order":0,"comment_status":"closed","ping_status":"closed","template":"template-pages\/poliyc.php","meta":{"footnotes":""},"acf":[],"yoast_head":"<!-- This site is optimized with the Yoast SEO plugin v21.5 - https:\/\/yoast.com\/wordpress\/plugins\/seo\/ -->\n<title>Cookie Policy - Solestic Advisory<\/title>\n<meta name=\"robots\" content=\"index, follow, max-snippet:-1, max-image-preview:large, max-video-preview:-1\" \/>\n<link rel=\"canonical\" href=\"https:\/\/solesticadvisory.com\/de\/cookie-policy\/\" \/>\n<meta property=\"og:locale\" content=\"de_DE\" \/>\n<meta property=\"og:type\" content=\"article\" \/>\n<meta property=\"og:title\" content=\"Cookie Policy - Solestic Advisory\" \/>\n<meta property=\"og:description\" content=\"Introduction This Cookie Policy (\u201cPolicy\u201d) describes how Solestic Advisory uses cookies on this website. This website (https:\/\/solesticadvisory.com\/) is administered and operated by Solestic EOOD, which has its registered address in the City of Sofia, 1618, Sofia District (Metropolis) Metropolitan Municipality, Krasno selo region 159 tsar Boris III, f1.13, ap. 8. Solestic Advisory reserves the right [&hellip;]\" \/>\n<meta property=\"og:url\" content=\"https:\/\/solesticadvisory.com\/de\/cookie-policy\/\" \/>\n<meta property=\"og:site_name\" content=\"Solestic Advisory\" \/>\n<meta property=\"article:modified_time\" content=\"2024-07-02T13:53:21+00:00\" \/>\n<meta property=\"og:image\" content=\"https:\/\/solesticadvisory.com\/wp-content\/uploads\/2024\/07\/1024-\u00d7-512.png\" \/>\n\t<meta property=\"og:image:width\" content=\"1024\" \/>\n\t<meta property=\"og:image:height\" content=\"512\" \/>\n\t<meta property=\"og:image:type\" content=\"image\/png\" \/>\n<meta name=\"twitter:card\" content=\"summary_large_image\" \/>\n<meta name=\"twitter:label1\" content=\"Gesch\u00e4tzte Lesezeit\" \/>\n\t<meta name=\"twitter:data1\" content=\"4\u00a0Minuten\" \/>\n<script type=\"application\/ld+json\" class=\"yoast-schema-graph\">{\"@context\":\"https:\/\/schema.org\",\"@graph\":[{\"@type\":\"WebPage\",\"@id\":\"https:\/\/solesticadvisory.com\/cookie-policy\/\",\"url\":\"https:\/\/solesticadvisory.com\/cookie-policy\/\",\"name\":\"Cookie Policy - Solestic Advisory\",\"isPartOf\":{\"@id\":\"https:\/\/solesticadvisory.com\/#website\"},\"datePublished\":\"2023-11-17T08:48:51+00:00\",\"dateModified\":\"2024-07-02T13:53:21+00:00\",\"breadcrumb\":{\"@id\":\"https:\/\/solesticadvisory.com\/cookie-policy\/#breadcrumb\"},\"inLanguage\":\"de\",\"potentialAction\":[{\"@type\":\"ReadAction\",\"target\":[\"https:\/\/solesticadvisory.com\/cookie-policy\/\"]}]},{\"@type\":\"BreadcrumbList\",\"@id\":\"https:\/\/solesticadvisory.com\/cookie-policy\/#breadcrumb\",\"itemListElement\":[{\"@type\":\"ListItem\",\"position\":1,\"name\":\"Home\",\"item\":\"https:\/\/solesticadvisory.com\/\"},{\"@type\":\"ListItem\",\"position\":2,\"name\":\"Cookie Policy\"}]},{\"@type\":\"WebSite\",\"@id\":\"https:\/\/solesticadvisory.com\/#website\",\"url\":\"https:\/\/solesticadvisory.com\/\",\"name\":\"Solestic Advisory\",\"description\":\"\",\"publisher\":{\"@id\":\"https:\/\/solesticadvisory.com\/#organization\"},\"potentialAction\":[{\"@type\":\"SearchAction\",\"target\":{\"@type\":\"EntryPoint\",\"urlTemplate\":\"https:\/\/solesticadvisory.com\/?s={search_term_string}\"},\"query-input\":\"required name=search_term_string\"}],\"inLanguage\":\"de\"},{\"@type\":\"Organization\",\"@id\":\"https:\/\/solesticadvisory.com\/#organization\",\"name\":\"Solestic Advisory\",\"url\":\"https:\/\/solesticadvisory.com\/\",\"logo\":{\"@type\":\"ImageObject\",\"inLanguage\":\"de\",\"@id\":\"https:\/\/solesticadvisory.com\/#\/schema\/logo\/image\/\",\"url\":\"https:\/\/solesticadvisory.com\/wp-content\/uploads\/2023\/11\/Vector.svg\",\"contentUrl\":\"https:\/\/solesticadvisory.com\/wp-content\/uploads\/2023\/11\/Vector.svg\",\"width\":101,\"height\":25,\"caption\":\"Solestic Advisory\"},\"image\":{\"@id\":\"https:\/\/solesticadvisory.com\/#\/schema\/logo\/image\/\"}}]}<\/script>\n<!-- \/ Yoast SEO plugin. -->","yoast_head_json":{"title":"Cookie Policy - Solestic Advisory","robots":{"index":"index","follow":"follow","max-snippet":"max-snippet:-1","max-image-preview":"max-image-preview:large","max-video-preview":"max-video-preview:-1"},"canonical":"https:\/\/solesticadvisory.com\/de\/cookie-policy\/","og_locale":"de_DE","og_type":"article","og_title":"Cookie Policy - Solestic Advisory","og_description":"Introduction This Cookie Policy (\u201cPolicy\u201d) describes how Solestic Advisory uses cookies on this website. This website (https:\/\/solesticadvisory.com\/) is administered and operated by Solestic EOOD, which has its registered address in the City of Sofia, 1618, Sofia District (Metropolis) Metropolitan Municipality, Krasno selo region 159 tsar Boris III, f1.13, ap. 8. Solestic Advisory reserves the right [&hellip;]","og_url":"https:\/\/solesticadvisory.com\/de\/cookie-policy\/","og_site_name":"Solestic Advisory","article_modified_time":"2024-07-02T13:53:21+00:00","og_image":[{"width":1024,"height":512,"url":"https:\/\/solesticadvisory.com\/wp-content\/uploads\/2024\/07\/1024-\u00d7-512.png","type":"image\/png"}],"twitter_card":"summary_large_image","twitter_misc":{"Gesch\u00e4tzte Lesezeit":"4\u00a0Minuten"},"schema":{"@context":"https:\/\/schema.org","@graph":[{"@type":"WebPage","@id":"https:\/\/solesticadvisory.com\/cookie-policy\/","url":"https:\/\/solesticadvisory.com\/cookie-policy\/","name":"Cookie Policy - Solestic Advisory","isPartOf":{"@id":"https:\/\/solesticadvisory.com\/#website"},"datePublished":"2023-11-17T08:48:51+00:00","dateModified":"2024-07-02T13:53:21+00:00","breadcrumb":{"@id":"https:\/\/solesticadvisory.com\/cookie-policy\/#breadcrumb"},"inLanguage":"de","potentialAction":[{"@type":"ReadAction","target":["https:\/\/solesticadvisory.com\/cookie-policy\/"]}]},{"@type":"BreadcrumbList","@id":"https:\/\/solesticadvisory.com\/cookie-policy\/#breadcrumb","itemListElement":[{"@type":"ListItem","position":1,"name":"Home","item":"https:\/\/solesticadvisory.com\/"},{"@type":"ListItem","position":2,"name":"Cookie Policy"}]},{"@type":"WebSite","@id":"https:\/\/solesticadvisory.com\/#website","url":"https:\/\/solesticadvisory.com\/","name":"Solestic Advisory","description":"","publisher":{"@id":"https:\/\/solesticadvisory.com\/#organization"},"potentialAction":[{"@type":"SearchAction","target":{"@type":"EntryPoint","urlTemplate":"https:\/\/solesticadvisory.com\/?s={search_term_string}"},"query-input":"required name=search_term_string"}],"inLanguage":"de"},{"@type":"Organization","@id":"https:\/\/solesticadvisory.com\/#organization","name":"Solestic Advisory","url":"https:\/\/solesticadvisory.com\/","logo":{"@type":"ImageObject","inLanguage":"de","@id":"https:\/\/solesticadvisory.com\/#\/schema\/logo\/image\/","url":"https:\/\/solesticadvisory.com\/wp-content\/uploads\/2023\/11\/Vector.svg","contentUrl":"https:\/\/solesticadvisory.com\/wp-content\/uploads\/2023\/11\/Vector.svg","width":101,"height":25,"caption":"Solestic Advisory"},"image":{"@id":"https:\/\/solesticadvisory.com\/#\/schema\/logo\/image\/"}}]}},"_links":{"self":[{"href":"https:\/\/solesticadvisory.com\/de\/wp-json\/wp\/v2\/pages\/183"}],"collection":[{"href":"https:\/\/solesticadvisory.com\/de\/wp-json\/wp\/v2\/pages"}],"about":[{"href":"https:\/\/solesticadvisory.com\/de\/wp-json\/wp\/v2\/types\/page"}],"author":[{"embeddable":true,"href":"https:\/\/solesticadvisory.com\/de\/wp-json\/wp\/v2\/users\/1"}],"replies":[{"embeddable":true,"href":"https:\/\/solesticadvisory.com\/de\/wp-json\/wp\/v2\/comments?post=183"}],"version-history":[{"count":4,"href":"https:\/\/solesticadvisory.com\/de\/wp-json\/wp\/v2\/pages\/183\/revisions"}],"predecessor-version":[{"id":249,"href":"https:\/\/solesticadvisory.com\/de\/wp-json\/wp\/v2\/pages\/183\/revisions\/249"}],"wp:attachment":[{"href":"https:\/\/solesticadvisory.com\/de\/wp-json\/wp\/v2\/media?parent=183"}],"curies":[{"name":"wp","href":"https:\/\/api.w.org\/{rel}","templated":true}]}}