{"id":157,"date":"2023-11-16T13:27:05","date_gmt":"2023-11-16T13:27:05","guid":{"rendered":"https:\/\/solesticadvisory.com\/?page_id=157"},"modified":"2024-07-02T14:40:44","modified_gmt":"2024-07-02T13:40:44","slug":"terms-of-use","status":"publish","type":"page","link":"https:\/\/solesticadvisory.com\/de\/terms-of-use\/","title":{"rendered":"Nutzungsbedingungen"},"content":{"rendered":"<h2 class=\"wp-block-heading\">Allgemein<\/h2>\n\n\n\n<p>Diese Nutzungsbedingungen gelten f\u00fcr diese Website (<a href=\"https:\/\/solestic-advisory.com\/\">https:\/\/solestic-advisory.com<\/a>) von Solestic EOOD mit Sitz in der Stadt Sofia 1618, Bezirk Sofia (Metropole), Region Krasno selo 159 Tsar Boris III, f1.13, ap. 8, und registriert unter der Nummer 20708863 (\"Solestic Advisory\", \"unser\", \"uns\" oder \"wir\").&nbsp;<\/p>\n\n\n\n<p>Bitte lesen Sie diese Nutzungsbedingungen sorgf\u00e4ltig durch.<\/p>\n\n\n\n<p>Durch den Zugriff auf diese Website und\/oder die Nutzung der auf oder \u00fcber diese Website bereitgestellten Informationen erkl\u00e4ren Sie sich mit den vorliegenden Nutzungsbedingungen einverstanden. Im Falle eines Widerspruchs zwischen den Bedingungen f\u00fcr bestimmte Dienstleistungen, die \u00fcber diese Website bestellt werden, und diesen Nutzungsbedingungen haben die f\u00fcr diese Dienstleistungen geltenden Bedingungen Vorrang.<\/p>\n\n\n\n<h2 class=\"wp-block-heading\">Haftungsausschluss<\/h2>\n\n\n\n<p>Die Informationen auf dieser Website sind nur f\u00fcr allgemeine Informationszwecke bestimmt und stellen keine auf Ihre individuellen Umst\u00e4nde zugeschnittene Gesch\u00e4fts- oder Marketingberatung dar. Bevor Sie auf der Grundlage der auf dieser Website bereitgestellten Informationen Entscheidungen treffen oder Ma\u00dfnahmen ergreifen, empfehlen wir Ihnen, sich direkt mit uns in Verbindung zu setzen, um Ihre Gesch\u00e4fts- und Marketinganforderungen zu besprechen. Wir sind bestrebt, ma\u00dfgeschneiderte L\u00f6sungen zu liefern, und haften nicht f\u00fcr Verluste oder Sch\u00e4den, die sich aus der Nutzung der hier dargestellten Informationen ergeben oder auf die Sie sich verlassen.<\/p>\n\n\n\n<p>Alle Informationen auf dieser Website, einschlie\u00dflich, aber nicht beschr\u00e4nkt auf Grafiken, Texte und Links zu anderen Websites, werden in der vorliegenden Form bereitgestellt und k\u00f6nnen ohne vorherige Ank\u00fcndigung ge\u00e4ndert werden. Diese Informationen werden, soweit dies nach geltendem Recht zul\u00e4ssig ist, ohne jegliche ausdr\u00fcckliche oder stillschweigende Gew\u00e4hrleistung bereitgestellt, einschlie\u00dflich, aber nicht beschr\u00e4nkt auf stillschweigende Gew\u00e4hrleistungen der Marktg\u00e4ngigkeit, der Eignung f\u00fcr einen bestimmten Zweck, der Nichtverletzung von Rechten und der Freiheit von Computerviren oder \u00e4hnlichen Deaktivierungsvorrichtungen.<\/p>\n\n\n\n<p>Solestic Advisory \u00fcbernimmt keine Garantie f\u00fcr die Angemessenheit, Richtigkeit oder Vollst\u00e4ndigkeit der Informationen auf dieser Website und lehnt ausdr\u00fccklich jegliche Haftung f\u00fcr Fehler oder Auslassungen ab. Die Benutzer sind selbst daf\u00fcr verantwortlich, die Richtigkeit, Vollst\u00e4ndigkeit oder N\u00fctzlichkeit der Informationen oder anderer Inhalte dieser Website zu beurteilen.<\/p>\n\n\n\n<p>Solestic Advisory gibt keine Zusicherung, dass die auf oder \u00fcber diese Website zur Verf\u00fcgung gestellten Informationen f\u00fcr die Verwendung in irgendeiner Gerichtsbarkeit geeignet oder verf\u00fcgbar sind. Solestic EOOD ist weder verantwortlich noch haftbar f\u00fcr Ihre (Nicht-)Einhaltung der geltenden lokalen Gesetze, die sich aus der Nutzung oder den auf dieser Website ver\u00f6ffentlichten Inhalten ergeben.<\/p>\n\n\n\n<p>Solestic Advisory \u00fcbernimmt keine Garantie f\u00fcr den fehlerfreien und ununterbrochenen Betrieb dieser Website.<\/p>\n\n\n\n<h2 class=\"wp-block-heading\">Ihre Nutzung der Website<\/h2>\n\n\n\n<p>Ihre Nutzung dieser Website darf die Nutzung durch andere Internetnutzer in keiner Weise beeintr\u00e4chtigen. Jegliche Nutzung, die das Funktionieren dieser Website gef\u00e4hrden oder beeintr\u00e4chtigen kann und\/oder die auf oder \u00fcber diese Website bereitgestellten Informationen oder die zugrunde liegende Software beeintr\u00e4chtigen kann, ist nicht gestattet. Es ist nicht gestattet, auf die Website oder ihren Inhalt zuzugreifen oder sie f\u00fcr einen Zweck zu nutzen, der rechtswidrig oder durch diese Nutzungsbedingungen verboten ist, oder f\u00fcr die Durchf\u00fchrung einer illegalen Aktivit\u00e4t oder einer anderen Aktivit\u00e4t, die die Rechte von Solestic Advisory verletzt.<\/p>\n\n\n\n<h2 class=\"wp-block-heading\">Informationen, Produkte und Dienstleistungen von Dritten<\/h2>\n\n\n\n<p>Wenn Solestic Advisory Hyperlinks zu Webseiten Dritter anbietet, bedeutet dies nicht, dass Solestic Advisory Produkte oder Dienstleistungen, die auf oder \u00fcber diese Webseiten angeboten werden, bef\u00fcrwortet. Die Nutzung solcher Links erfolgt ausschlie\u00dflich auf eigenes Risiko, und Solestic Advisory \u00fcbernimmt keine Verantwortung oder Haftung f\u00fcr den Inhalt, die Nutzung oder die Verf\u00fcgbarkeit solcher Websites. Solestic Advisory hat den Wahrheitsgehalt, die Genauigkeit, die Angemessenheit, die Zuverl\u00e4ssigkeit und die Vollst\u00e4ndigkeit der Inhalte dieser Websites nicht \u00fcberpr\u00fcft.<\/p>\n\n\n\n<h2 class=\"wp-block-heading\">Rechte an geistigem Eigentum<\/h2>\n\n\n\n<p>Solestic Advisory, der Eigent\u00fcmer des Inhalts, beh\u00e4lt sich alle Rechte (einschlie\u00dflich Urheberrechte, Domainnamen, Marken, Patente und alle anderen geistigen Eigentumsrechte) an allen Informationen vor, die auf oder \u00fcber diese Website bereitgestellt werden (einschlie\u00dflich aller Texte, Grafiken und Logos). Es ist nicht gestattet, die Informationen auf dieser Website in irgendeiner Form zu kopieren, herunterzuladen, zu ver\u00f6ffentlichen, zu verbreiten oder zu vervielf\u00e4ltigen, es sei denn, es liegt eine vorherige schriftliche Zustimmung von Solestic Advisory oder eine entsprechende Zustimmung des Eigent\u00fcmers vor. Sie d\u00fcrfen jedoch die Informationen auf dieser Website f\u00fcr den pers\u00f6nlichen Gebrauch ausdrucken und\/oder herunterladen.<\/p>\n\n\n\n<h2 class=\"wp-block-heading\">Online-Kommunikation<\/h2>\n\n\n\n<p>Nachrichten, die Sie per E-Mail an Solestic Advisory senden oder Daten, die Sie \u00fcber die auf dieser Website ver\u00f6ffentlichten (Chat-)Formulare \u00fcbermitteln, sind m\u00f6glicherweise nicht sicher. Solestic Advisory empfiehlt Ihnen, keine vertraulichen Informationen per E-Mail oder \u00fcber die (Chat-)Formulare auf dieser Website an Solestic Advisory zu senden. Angenommen, Sie senden oder \u00fcbermitteln Nachrichten an Solestic Advisory per E-Mail oder \u00fcber die (Chat)Formulare der Website. In diesem Fall akzeptieren Sie das Risiko, dass ein Dritter diese abf\u00e4ngt, missbraucht und ver\u00e4ndert.<\/p>\n\n\n\n<h2 class=\"wp-block-heading\">Ausschluss der Haftung<\/h2>\n\n\n\n<p>Weder Solestic Advisory noch ihre Vertreter oder Subunternehmer haften f\u00fcr direkte, indirekte, besondere, zuf\u00e4llige, Folge-, Straf- oder exemplarische Sch\u00e4den, einschlie\u00dflich entgangenen Gewinns (selbst wenn Solestic Advisory auf die M\u00f6glichkeit solcher Sch\u00e4den hingewiesen hat), die in irgendeiner Weise entstehen, einschlie\u00dflich, aber nicht beschr\u00e4nkt auf:<\/p>\n\n\n\n<ol>\n<li>Jegliche Defekte, Viren und andere Fehlfunktionen, die durch Ger\u00e4te und andere Software im Zusammenhang mit dem Zugang oder der Nutzung dieser Website verursacht werden.<\/li>\n\n\n\n<li>Die auf oder \u00fcber diese Website bereitgestellten Informationen.<\/li>\n\n\n\n<li>Das Abfangen, die \u00c4nderung oder der Missbrauch von Informationen, die an Solestic Advisory oder an Sie \u00fcbermittelt werden.<\/li>\n\n\n\n<li>Das Funktionieren oder die Nichtverf\u00fcgbarkeit dieser Website.<\/li>\n\n\n\n<li>Die missbr\u00e4uchliche Nutzung dieser Website.<\/li>\n\n\n\n<li>Der Verlust von Daten.<\/li>\n\n\n\n<li>Das Herunterladen oder die Nutzung von Software, die auf dieser Website zur Verf\u00fcgung gestellt wird.<\/li>\n\n\n\n<li>Anspr\u00fcche Dritter im Zusammenhang mit der Nutzung der Website.<\/li>\n<\/ol>\n\n\n\n<p>Der Haftungsausschluss gilt auch f\u00fcr die Direktoren und Mitarbeiter von Solestic Advisory.<\/p>\n\n\n\n<h2 class=\"wp-block-heading\">Datenschutz<\/h2>\n\n\n\n<p>Die Datenschutzerkl\u00e4rung von Solestic Advisory gilt f\u00fcr die Nutzung dieser Website und jede Verarbeitung oder \u00dcbertragung Ihrer Daten \u00fcber die Website, und dieser Verweis macht ihre Bedingungen zu einem Teil der vorliegenden Nutzungsbedingungen.<\/p>\n\n\n\n<p>Dar\u00fcber hinaus erkennen Sie durch die Nutzung dieser Website an, dass Internet\u00fcbertragungen niemals vollst\u00e4ndig privat oder sicher sind.<\/p>\n\n\n\n<h2 class=\"wp-block-heading\">Anwendbares Recht<\/h2>\n\n\n\n<p>Diese Website und diese Nutzungsbedingungen unterliegen ausschlie\u00dflich dem bulgarischen Recht und werden nach diesem ausgelegt. Alle Streitigkeiten, die sich aus oder in Verbindung mit diesen Nutzungsbedingungen ergeben, unterliegen der ausschlie\u00dflichen Zust\u00e4ndigkeit der Gerichte in den Niederlanden. Bei Unstimmigkeiten oder unterschiedlichen Auslegungen zwischen verschiedenen Sprachversionen dieser Nutzungsbedingungen ist die englische Version ma\u00dfgebend.<\/p>\n\n\n\n<h2 class=\"wp-block-heading\">\u00c4nderungsantr\u00e4ge<\/h2>\n\n\n\n<p>Solestic Advisory beh\u00e4lt sich das Recht vor, die auf oder \u00fcber diese Website bereitgestellten Informationen, einschlie\u00dflich dieser Nutzungsbedingungen, jederzeit und ohne Vorank\u00fcndigung zu \u00e4ndern. Sie sollten diese Informationen, einschlie\u00dflich dieser Nutzungsbedingungen, regelm\u00e4\u00dfig auf \u00c4nderungen \u00fcberpr\u00fcfen.<\/p>\n\n\n\n<h2 class=\"wp-block-heading\">Kontakt<\/h2>\n\n\n\n<p>Wenn Sie Fragen zu den Allgemeinen Gesch\u00e4ftsbedingungen von Solestic Advisory haben, senden Sie bitte eine E-Mail an <a href=\"mailto:info@solestic-advisory.com\">info@solestic-advisory.com<\/a> und geben Sie unbedingt die Art Ihrer Anfrage an.<\/p>\n\n\n\n<p>\u00a9 Copyright 2024 Solestic EOOD<\/p>","protected":false},"excerpt":{"rendered":"<p>General These terms of use apply to this website (https:\/\/solestic-advisory.com) of Solestic EOOD, with its principal place of business located at the city of Sofia 1618, Sofia District (Metropolis) Metropolitan Municipality, Krasno selo region 159 Tsar Boris III, f1.13, ap. 8, and registered under number 20708863 (&#8220;Solestic Advisory,&#8221; &#8220;our,&#8221; &#8220;us&#8221; or &#8220;we&#8221;).&nbsp; Please read these [&hellip;]<\/p>","protected":false},"author":1,"featured_media":179,"parent":0,"menu_order":0,"comment_status":"closed","ping_status":"closed","template":"template-pages\/poliyc.php","meta":{"footnotes":""},"acf":[],"yoast_head":"<!-- This site is optimized with the Yoast SEO plugin v21.5 - https:\/\/yoast.com\/wordpress\/plugins\/seo\/ -->\n<title>Terms of Use - Solestic Advisory<\/title>\n<meta name=\"robots\" content=\"index, follow, max-snippet:-1, max-image-preview:large, max-video-preview:-1\" \/>\n<link rel=\"canonical\" href=\"https:\/\/solesticadvisory.com\/de\/terms-of-use\/\" \/>\n<meta property=\"og:locale\" content=\"de_DE\" \/>\n<meta property=\"og:type\" content=\"article\" \/>\n<meta property=\"og:title\" content=\"Terms of Use - Solestic Advisory\" \/>\n<meta property=\"og:description\" content=\"General These terms of use apply to this website (https:\/\/solestic-advisory.com) of Solestic EOOD, with its principal place of business located at the city of Sofia 1618, Sofia District (Metropolis) Metropolitan Municipality, Krasno selo region 159 Tsar Boris III, f1.13, ap. 8, and registered under number 20708863 (&#8220;Solestic Advisory,&#8221; &#8220;our,&#8221; &#8220;us&#8221; or &#8220;we&#8221;).&nbsp; Please read these [&hellip;]\" \/>\n<meta property=\"og:url\" content=\"https:\/\/solesticadvisory.com\/de\/terms-of-use\/\" \/>\n<meta property=\"og:site_name\" content=\"Solestic Advisory\" \/>\n<meta property=\"article:modified_time\" content=\"2024-07-02T13:40:44+00:00\" \/>\n<meta property=\"og:image\" content=\"http:\/\/solesticadvisory.com\/wp-content\/uploads\/2023\/11\/sol_meta.png\" \/>\n\t<meta property=\"og:image:width\" content=\"1024\" \/>\n\t<meta property=\"og:image:height\" content=\"512\" \/>\n\t<meta property=\"og:image:type\" content=\"image\/png\" \/>\n<meta name=\"twitter:card\" content=\"summary_large_image\" \/>\n<meta name=\"twitter:image\" content=\"https:\/\/solesticadvisory.com\/wp-content\/uploads\/2023\/11\/sol_meta.png\" \/>\n<meta name=\"twitter:label1\" content=\"Gesch\u00e4tzte Lesezeit\" \/>\n\t<meta name=\"twitter:data1\" content=\"5\u00a0Minuten\" \/>\n<script type=\"application\/ld+json\" class=\"yoast-schema-graph\">{\"@context\":\"https:\/\/schema.org\",\"@graph\":[{\"@type\":\"WebPage\",\"@id\":\"https:\/\/solesticadvisory.com\/terms-of-use\/\",\"url\":\"https:\/\/solesticadvisory.com\/terms-of-use\/\",\"name\":\"Terms of Use - Solestic Advisory\",\"isPartOf\":{\"@id\":\"https:\/\/solesticadvisory.com\/#website\"},\"datePublished\":\"2023-11-16T13:27:05+00:00\",\"dateModified\":\"2024-07-02T13:40:44+00:00\",\"breadcrumb\":{\"@id\":\"https:\/\/solesticadvisory.com\/terms-of-use\/#breadcrumb\"},\"inLanguage\":\"de\",\"potentialAction\":[{\"@type\":\"ReadAction\",\"target\":[\"https:\/\/solesticadvisory.com\/terms-of-use\/\"]}]},{\"@type\":\"BreadcrumbList\",\"@id\":\"https:\/\/solesticadvisory.com\/terms-of-use\/#breadcrumb\",\"itemListElement\":[{\"@type\":\"ListItem\",\"position\":1,\"name\":\"Home\",\"item\":\"https:\/\/solesticadvisory.com\/\"},{\"@type\":\"ListItem\",\"position\":2,\"name\":\"Terms of Use\"}]},{\"@type\":\"WebSite\",\"@id\":\"https:\/\/solesticadvisory.com\/#website\",\"url\":\"https:\/\/solesticadvisory.com\/\",\"name\":\"Solestic Advisory\",\"description\":\"\",\"publisher\":{\"@id\":\"https:\/\/solesticadvisory.com\/#organization\"},\"potentialAction\":[{\"@type\":\"SearchAction\",\"target\":{\"@type\":\"EntryPoint\",\"urlTemplate\":\"https:\/\/solesticadvisory.com\/?s={search_term_string}\"},\"query-input\":\"required name=search_term_string\"}],\"inLanguage\":\"de\"},{\"@type\":\"Organization\",\"@id\":\"https:\/\/solesticadvisory.com\/#organization\",\"name\":\"Solestic Advisory\",\"url\":\"https:\/\/solesticadvisory.com\/\",\"logo\":{\"@type\":\"ImageObject\",\"inLanguage\":\"de\",\"@id\":\"https:\/\/solesticadvisory.com\/#\/schema\/logo\/image\/\",\"url\":\"https:\/\/solesticadvisory.com\/wp-content\/uploads\/2023\/11\/Vector.svg\",\"contentUrl\":\"https:\/\/solesticadvisory.com\/wp-content\/uploads\/2023\/11\/Vector.svg\",\"width\":101,\"height\":25,\"caption\":\"Solestic Advisory\"},\"image\":{\"@id\":\"https:\/\/solesticadvisory.com\/#\/schema\/logo\/image\/\"}}]}<\/script>\n<!-- \/ Yoast SEO plugin. -->","yoast_head_json":{"title":"Terms of Use - Solestic Advisory","robots":{"index":"index","follow":"follow","max-snippet":"max-snippet:-1","max-image-preview":"max-image-preview:large","max-video-preview":"max-video-preview:-1"},"canonical":"https:\/\/solesticadvisory.com\/de\/terms-of-use\/","og_locale":"de_DE","og_type":"article","og_title":"Terms of Use - Solestic Advisory","og_description":"General These terms of use apply to this website (https:\/\/solestic-advisory.com) of Solestic EOOD, with its principal place of business located at the city of Sofia 1618, Sofia District (Metropolis) Metropolitan Municipality, Krasno selo region 159 Tsar Boris III, f1.13, ap. 8, and registered under number 20708863 (&#8220;Solestic Advisory,&#8221; &#8220;our,&#8221; &#8220;us&#8221; or &#8220;we&#8221;).&nbsp; Please read these [&hellip;]","og_url":"https:\/\/solesticadvisory.com\/de\/terms-of-use\/","og_site_name":"Solestic Advisory","article_modified_time":"2024-07-02T13:40:44+00:00","og_image":[{"width":1024,"height":512,"url":"http:\/\/solesticadvisory.com\/wp-content\/uploads\/2023\/11\/sol_meta.png","type":"image\/png"}],"twitter_card":"summary_large_image","twitter_image":"https:\/\/solesticadvisory.com\/wp-content\/uploads\/2023\/11\/sol_meta.png","twitter_misc":{"Gesch\u00e4tzte Lesezeit":"5\u00a0Minuten"},"schema":{"@context":"https:\/\/schema.org","@graph":[{"@type":"WebPage","@id":"https:\/\/solesticadvisory.com\/terms-of-use\/","url":"https:\/\/solesticadvisory.com\/terms-of-use\/","name":"Terms of Use - Solestic Advisory","isPartOf":{"@id":"https:\/\/solesticadvisory.com\/#website"},"datePublished":"2023-11-16T13:27:05+00:00","dateModified":"2024-07-02T13:40:44+00:00","breadcrumb":{"@id":"https:\/\/solesticadvisory.com\/terms-of-use\/#breadcrumb"},"inLanguage":"de","potentialAction":[{"@type":"ReadAction","target":["https:\/\/solesticadvisory.com\/terms-of-use\/"]}]},{"@type":"BreadcrumbList","@id":"https:\/\/solesticadvisory.com\/terms-of-use\/#breadcrumb","itemListElement":[{"@type":"ListItem","position":1,"name":"Home","item":"https:\/\/solesticadvisory.com\/"},{"@type":"ListItem","position":2,"name":"Terms of Use"}]},{"@type":"WebSite","@id":"https:\/\/solesticadvisory.com\/#website","url":"https:\/\/solesticadvisory.com\/","name":"Solestic Advisory","description":"","publisher":{"@id":"https:\/\/solesticadvisory.com\/#organization"},"potentialAction":[{"@type":"SearchAction","target":{"@type":"EntryPoint","urlTemplate":"https:\/\/solesticadvisory.com\/?s={search_term_string}"},"query-input":"required name=search_term_string"}],"inLanguage":"de"},{"@type":"Organization","@id":"https:\/\/solesticadvisory.com\/#organization","name":"Solestic Advisory","url":"https:\/\/solesticadvisory.com\/","logo":{"@type":"ImageObject","inLanguage":"de","@id":"https:\/\/solesticadvisory.com\/#\/schema\/logo\/image\/","url":"https:\/\/solesticadvisory.com\/wp-content\/uploads\/2023\/11\/Vector.svg","contentUrl":"https:\/\/solesticadvisory.com\/wp-content\/uploads\/2023\/11\/Vector.svg","width":101,"height":25,"caption":"Solestic Advisory"},"image":{"@id":"https:\/\/solesticadvisory.com\/#\/schema\/logo\/image\/"}}]}},"_links":{"self":[{"href":"https:\/\/solesticadvisory.com\/de\/wp-json\/wp\/v2\/pages\/157"}],"collection":[{"href":"https:\/\/solesticadvisory.com\/de\/wp-json\/wp\/v2\/pages"}],"about":[{"href":"https:\/\/solesticadvisory.com\/de\/wp-json\/wp\/v2\/types\/page"}],"author":[{"embeddable":true,"href":"https:\/\/solesticadvisory.com\/de\/wp-json\/wp\/v2\/users\/1"}],"replies":[{"embeddable":true,"href":"https:\/\/solesticadvisory.com\/de\/wp-json\/wp\/v2\/comments?post=157"}],"version-history":[{"count":4,"href":"https:\/\/solesticadvisory.com\/de\/wp-json\/wp\/v2\/pages\/157\/revisions"}],"predecessor-version":[{"id":244,"href":"https:\/\/solesticadvisory.com\/de\/wp-json\/wp\/v2\/pages\/157\/revisions\/244"}],"wp:featuredmedia":[{"embeddable":true,"href":"https:\/\/solesticadvisory.com\/de\/wp-json\/wp\/v2\/media\/179"}],"wp:attachment":[{"href":"https:\/\/solesticadvisory.com\/de\/wp-json\/wp\/v2\/media?parent=157"}],"curies":[{"name":"wp","href":"https:\/\/api.w.org\/{rel}","templated":true}]}}